{"id":3751,"date":"2024-06-17T16:23:44","date_gmt":"2024-06-17T14:23:44","guid":{"rendered":"https:\/\/www.ekoprodur.com\/product\/ekoprodur-s10-hp-2\/"},"modified":"2024-06-18T09:05:51","modified_gmt":"2024-06-18T07:05:51","slug":"ekoprodur-s10-hp-2","status":"publish","type":"product","link":"https:\/\/www.ekoprodur.com\/ro\/product\/ekoprodur-s10-hp-2\/","title":{"rendered":"Ekoprodur S10 HP"},"content":{"rendered":"<p>Ekoprodur S10 HP este un sistem bicomponent conceput pentru a produce spum\u0103 semi-rigid\u0103 cu celule deschise.<br \/>\nEste utilizat pe scar\u0103 larg\u0103 \u00een construc\u021bii ca izola\u021bie termic\u0103 \u0219i acustic\u0103 \u00een cl\u0103dirile reziden\u021biale, comerciale \u0219i industriale.<\/p>\n","protected":false},"featured_media":3270,"template":"","class_list":["post-3751","product","type-product","status-publish","has-post-thumbnail","hentry"],"acf":[],"yoast_head":"<!-- This site is optimized with the Yoast SEO plugin v27.3 - https:\/\/yoast.com\/product\/yoast-seo-wordpress\/ -->\n<title>Ekoprodur S10 HP - www.ekoprodur.com<\/title>\n<meta name=\"robots\" content=\"index, follow, max-snippet:-1, max-image-preview:large, max-video-preview:-1\" \/>\n<link rel=\"canonical\" href=\"https:\/\/www.ekoprodur.com\/ro\/product\/ekoprodur-s10-hp-2\/\" \/>\n<meta property=\"og:locale\" content=\"ro_RO\" \/>\n<meta property=\"og:type\" content=\"article\" \/>\n<meta property=\"og:title\" content=\"Ekoprodur S10 HP - www.ekoprodur.com\" \/>\n<meta property=\"og:description\" content=\"Ekoprodur S10 HP este un sistem bicomponent conceput pentru a produce spum\u0103 semi-rigid\u0103 cu celule deschise. Este utilizat pe scar\u0103 larg\u0103 \u00een construc\u021bii ca izola\u021bie termic\u0103 \u0219i acustic\u0103 \u00een cl\u0103dirile reziden\u021biale, comerciale \u0219i industriale.\" \/>\n<meta property=\"og:url\" content=\"https:\/\/www.ekoprodur.com\/ro\/product\/ekoprodur-s10-hp-2\/\" \/>\n<meta property=\"og:site_name\" content=\"www.ekoprodur.com\" \/>\n<meta property=\"article:modified_time\" content=\"2024-06-18T07:05:51+00:00\" \/>\n<meta property=\"og:image\" content=\"https:\/\/www.ekoprodur.com\/wp-content\/uploads\/2022\/02\/S0310_S310E.png\" \/>\n\t<meta property=\"og:image:width\" content=\"617\" \/>\n\t<meta property=\"og:image:height\" content=\"415\" \/>\n\t<meta property=\"og:image:type\" content=\"image\/png\" \/>\n<meta name=\"twitter:card\" content=\"summary_large_image\" \/>\n<script type=\"application\/ld+json\" class=\"yoast-schema-graph\">{\"@context\":\"https:\\\/\\\/schema.org\",\"@graph\":[{\"@type\":\"WebPage\",\"@id\":\"https:\\\/\\\/www.ekoprodur.com\\\/ro\\\/product\\\/ekoprodur-s10-hp-2\\\/\",\"url\":\"https:\\\/\\\/www.ekoprodur.com\\\/ro\\\/product\\\/ekoprodur-s10-hp-2\\\/\",\"name\":\"Ekoprodur S10 HP - www.ekoprodur.com\",\"isPartOf\":{\"@id\":\"https:\\\/\\\/www.ekoprodur.com\\\/ro\\\/#website\"},\"primaryImageOfPage\":{\"@id\":\"https:\\\/\\\/www.ekoprodur.com\\\/ro\\\/product\\\/ekoprodur-s10-hp-2\\\/#primaryimage\"},\"image\":{\"@id\":\"https:\\\/\\\/www.ekoprodur.com\\\/ro\\\/product\\\/ekoprodur-s10-hp-2\\\/#primaryimage\"},\"thumbnailUrl\":\"https:\\\/\\\/www.ekoprodur.com\\\/wp-content\\\/uploads\\\/2022\\\/02\\\/S0310_S310E.png\",\"datePublished\":\"2024-06-17T14:23:44+00:00\",\"dateModified\":\"2024-06-18T07:05:51+00:00\",\"breadcrumb\":{\"@id\":\"https:\\\/\\\/www.ekoprodur.com\\\/ro\\\/product\\\/ekoprodur-s10-hp-2\\\/#breadcrumb\"},\"inLanguage\":\"ro-RO\",\"potentialAction\":[{\"@type\":\"ReadAction\",\"target\":[\"https:\\\/\\\/www.ekoprodur.com\\\/ro\\\/product\\\/ekoprodur-s10-hp-2\\\/\"]}]},{\"@type\":\"ImageObject\",\"inLanguage\":\"ro-RO\",\"@id\":\"https:\\\/\\\/www.ekoprodur.com\\\/ro\\\/product\\\/ekoprodur-s10-hp-2\\\/#primaryimage\",\"url\":\"https:\\\/\\\/www.ekoprodur.com\\\/wp-content\\\/uploads\\\/2022\\\/02\\\/S0310_S310E.png\",\"contentUrl\":\"https:\\\/\\\/www.ekoprodur.com\\\/wp-content\\\/uploads\\\/2022\\\/02\\\/S0310_S310E.png\",\"width\":617,\"height\":415},{\"@type\":\"BreadcrumbList\",\"@id\":\"https:\\\/\\\/www.ekoprodur.com\\\/ro\\\/product\\\/ekoprodur-s10-hp-2\\\/#breadcrumb\",\"itemListElement\":[{\"@type\":\"ListItem\",\"position\":1,\"name\":\"Strona g\u0142\u00f3wna\",\"item\":\"https:\\\/\\\/www.ekoprodur.com\\\/ro\\\/\"},{\"@type\":\"ListItem\",\"position\":2,\"name\":\"Ekoprodur S10 HP\"}]},{\"@type\":\"WebSite\",\"@id\":\"https:\\\/\\\/www.ekoprodur.com\\\/ro\\\/#website\",\"url\":\"https:\\\/\\\/www.ekoprodur.com\\\/ro\\\/\",\"name\":\"www.ekoprodur.com\",\"description\":\"Spray foam insulation The most effective insulation for your home!\",\"publisher\":{\"@id\":\"https:\\\/\\\/www.ekoprodur.com\\\/ro\\\/#organization\"},\"potentialAction\":[{\"@type\":\"SearchAction\",\"target\":{\"@type\":\"EntryPoint\",\"urlTemplate\":\"https:\\\/\\\/www.ekoprodur.com\\\/ro\\\/?s={search_term_string}\"},\"query-input\":{\"@type\":\"PropertyValueSpecification\",\"valueRequired\":true,\"valueName\":\"search_term_string\"}}],\"inLanguage\":\"ro-RO\"},{\"@type\":\"Organization\",\"@id\":\"https:\\\/\\\/www.ekoprodur.com\\\/ro\\\/#organization\",\"name\":\"www.ekoprodur.com\",\"url\":\"https:\\\/\\\/www.ekoprodur.com\\\/ro\\\/\",\"logo\":{\"@type\":\"ImageObject\",\"inLanguage\":\"ro-RO\",\"@id\":\"https:\\\/\\\/www.ekoprodur.com\\\/ro\\\/#\\\/schema\\\/logo\\\/image\\\/\",\"url\":\"https:\\\/\\\/www.ekoprodur.com\\\/wp-content\\\/uploads\\\/2021\\\/12\\\/Logotype.png\",\"contentUrl\":\"https:\\\/\\\/www.ekoprodur.com\\\/wp-content\\\/uploads\\\/2021\\\/12\\\/Logotype.png\",\"width\":337,\"height\":120,\"caption\":\"www.ekoprodur.com\"},\"image\":{\"@id\":\"https:\\\/\\\/www.ekoprodur.com\\\/ro\\\/#\\\/schema\\\/logo\\\/image\\\/\"}}]}<\/script>\n<!-- \/ Yoast SEO plugin. -->","yoast_head_json":{"title":"Ekoprodur S10 HP - www.ekoprodur.com","robots":{"index":"index","follow":"follow","max-snippet":"max-snippet:-1","max-image-preview":"max-image-preview:large","max-video-preview":"max-video-preview:-1"},"canonical":"https:\/\/www.ekoprodur.com\/ro\/product\/ekoprodur-s10-hp-2\/","og_locale":"ro_RO","og_type":"article","og_title":"Ekoprodur S10 HP - www.ekoprodur.com","og_description":"Ekoprodur S10 HP este un sistem bicomponent conceput pentru a produce spum\u0103 semi-rigid\u0103 cu celule deschise. Este utilizat pe scar\u0103 larg\u0103 \u00een construc\u021bii ca izola\u021bie termic\u0103 \u0219i acustic\u0103 \u00een cl\u0103dirile reziden\u021biale, comerciale \u0219i industriale.","og_url":"https:\/\/www.ekoprodur.com\/ro\/product\/ekoprodur-s10-hp-2\/","og_site_name":"www.ekoprodur.com","article_modified_time":"2024-06-18T07:05:51+00:00","og_image":[{"width":617,"height":415,"url":"https:\/\/www.ekoprodur.com\/wp-content\/uploads\/2022\/02\/S0310_S310E.png","type":"image\/png"}],"twitter_card":"summary_large_image","schema":{"@context":"https:\/\/schema.org","@graph":[{"@type":"WebPage","@id":"https:\/\/www.ekoprodur.com\/ro\/product\/ekoprodur-s10-hp-2\/","url":"https:\/\/www.ekoprodur.com\/ro\/product\/ekoprodur-s10-hp-2\/","name":"Ekoprodur S10 HP - www.ekoprodur.com","isPartOf":{"@id":"https:\/\/www.ekoprodur.com\/ro\/#website"},"primaryImageOfPage":{"@id":"https:\/\/www.ekoprodur.com\/ro\/product\/ekoprodur-s10-hp-2\/#primaryimage"},"image":{"@id":"https:\/\/www.ekoprodur.com\/ro\/product\/ekoprodur-s10-hp-2\/#primaryimage"},"thumbnailUrl":"https:\/\/www.ekoprodur.com\/wp-content\/uploads\/2022\/02\/S0310_S310E.png","datePublished":"2024-06-17T14:23:44+00:00","dateModified":"2024-06-18T07:05:51+00:00","breadcrumb":{"@id":"https:\/\/www.ekoprodur.com\/ro\/product\/ekoprodur-s10-hp-2\/#breadcrumb"},"inLanguage":"ro-RO","potentialAction":[{"@type":"ReadAction","target":["https:\/\/www.ekoprodur.com\/ro\/product\/ekoprodur-s10-hp-2\/"]}]},{"@type":"ImageObject","inLanguage":"ro-RO","@id":"https:\/\/www.ekoprodur.com\/ro\/product\/ekoprodur-s10-hp-2\/#primaryimage","url":"https:\/\/www.ekoprodur.com\/wp-content\/uploads\/2022\/02\/S0310_S310E.png","contentUrl":"https:\/\/www.ekoprodur.com\/wp-content\/uploads\/2022\/02\/S0310_S310E.png","width":617,"height":415},{"@type":"BreadcrumbList","@id":"https:\/\/www.ekoprodur.com\/ro\/product\/ekoprodur-s10-hp-2\/#breadcrumb","itemListElement":[{"@type":"ListItem","position":1,"name":"Strona g\u0142\u00f3wna","item":"https:\/\/www.ekoprodur.com\/ro\/"},{"@type":"ListItem","position":2,"name":"Ekoprodur S10 HP"}]},{"@type":"WebSite","@id":"https:\/\/www.ekoprodur.com\/ro\/#website","url":"https:\/\/www.ekoprodur.com\/ro\/","name":"www.ekoprodur.com","description":"Spray foam insulation The most effective insulation for your home!","publisher":{"@id":"https:\/\/www.ekoprodur.com\/ro\/#organization"},"potentialAction":[{"@type":"SearchAction","target":{"@type":"EntryPoint","urlTemplate":"https:\/\/www.ekoprodur.com\/ro\/?s={search_term_string}"},"query-input":{"@type":"PropertyValueSpecification","valueRequired":true,"valueName":"search_term_string"}}],"inLanguage":"ro-RO"},{"@type":"Organization","@id":"https:\/\/www.ekoprodur.com\/ro\/#organization","name":"www.ekoprodur.com","url":"https:\/\/www.ekoprodur.com\/ro\/","logo":{"@type":"ImageObject","inLanguage":"ro-RO","@id":"https:\/\/www.ekoprodur.com\/ro\/#\/schema\/logo\/image\/","url":"https:\/\/www.ekoprodur.com\/wp-content\/uploads\/2021\/12\/Logotype.png","contentUrl":"https:\/\/www.ekoprodur.com\/wp-content\/uploads\/2021\/12\/Logotype.png","width":337,"height":120,"caption":"www.ekoprodur.com"},"image":{"@id":"https:\/\/www.ekoprodur.com\/ro\/#\/schema\/logo\/image\/"}}]}},"_links":{"self":[{"href":"https:\/\/www.ekoprodur.com\/ro\/wp-json\/wp\/v2\/product\/3751","targetHints":{"allow":["GET"]}}],"collection":[{"href":"https:\/\/www.ekoprodur.com\/ro\/wp-json\/wp\/v2\/product"}],"about":[{"href":"https:\/\/www.ekoprodur.com\/ro\/wp-json\/wp\/v2\/types\/product"}],"wp:featuredmedia":[{"embeddable":true,"href":"https:\/\/www.ekoprodur.com\/ro\/wp-json\/wp\/v2\/media\/3270"}],"wp:attachment":[{"href":"https:\/\/www.ekoprodur.com\/ro\/wp-json\/wp\/v2\/media?parent=3751"}],"curies":[{"name":"wp","href":"https:\/\/api.w.org\/{rel}","templated":true}]}}