{"id":3334,"date":"2022-02-01T12:29:01","date_gmt":"2022-02-01T11:29:01","guid":{"rendered":"https:\/\/www.ekoprodur.com\/product\/ekoprodur-s331fl\/"},"modified":"2022-02-01T12:29:01","modified_gmt":"2022-02-01T11:29:01","slug":"ekoprodur-s331fl","status":"publish","type":"product","link":"https:\/\/www.ekoprodur.com\/ro\/product\/ekoprodur-s331fl\/","title":{"rendered":"Ekoprodur S331FL"},"content":{"rendered":"<p>Ekoprodur S0331FL este un sistem bicomponent pentru producerea de spum\u0103 rigid\u0103 cu celule \u00eenchise cu propriet\u0103\u021bi de autoextinc\u021bie. Propriet\u0103\u021bile excelente de izolare a spumei au fost ob\u021binute datorit\u0103 utiliz\u0103rii HFO &#8211; un agent de spumare de a patra genera\u021bie din grupul hidrofluoroolefinelor cu poten\u021bial sc\u0103zut de efect de ser\u0103 GWP = 1 \u0219i poten\u021bial zero de distrugere a ozonului ODP = 0.<br \/>\nAcesta a fost conceput pentru izolarea intern\u0103 a suprafe\u021belor de pardoseal\u0103.<br \/>\nAre o rezisten\u021b\u0103 mecanic\u0103 sporit\u0103 \u0219i o stabilitate dimensional\u0103 excelent\u0103.<\/p>\n","protected":false},"featured_media":3335,"template":"","class_list":["post-3334","product","type-product","status-publish","has-post-thumbnail","hentry"],"acf":[],"yoast_head":"<!-- This site is optimized with the Yoast SEO plugin v27.3 - https:\/\/yoast.com\/product\/yoast-seo-wordpress\/ -->\n<title>Ekoprodur S331FL - www.ekoprodur.com<\/title>\n<meta name=\"robots\" content=\"index, follow, max-snippet:-1, max-image-preview:large, max-video-preview:-1\" \/>\n<link rel=\"canonical\" href=\"https:\/\/www.ekoprodur.com\/ro\/product\/ekoprodur-s331fl\/\" \/>\n<meta property=\"og:locale\" content=\"ro_RO\" \/>\n<meta property=\"og:type\" content=\"article\" \/>\n<meta property=\"og:title\" content=\"Ekoprodur S331FL - www.ekoprodur.com\" \/>\n<meta property=\"og:description\" content=\"Ekoprodur S0331FL este un sistem bicomponent pentru producerea de spum\u0103 rigid\u0103 cu celule \u00eenchise cu propriet\u0103\u021bi de autoextinc\u021bie. Propriet\u0103\u021bile excelente de izolare a spumei au fost ob\u021binute datorit\u0103 utiliz\u0103rii HFO &#8211; un agent de spumare de a patra genera\u021bie din grupul hidrofluoroolefinelor cu poten\u021bial sc\u0103zut de efect de ser\u0103 GWP = 1 \u0219i poten\u021bial zero [&hellip;]\" \/>\n<meta property=\"og:url\" content=\"https:\/\/www.ekoprodur.com\/ro\/product\/ekoprodur-s331fl\/\" \/>\n<meta property=\"og:site_name\" content=\"www.ekoprodur.com\" \/>\n<meta name=\"twitter:card\" content=\"summary_large_image\" \/>\n<script type=\"application\/ld+json\" class=\"yoast-schema-graph\">{\"@context\":\"https:\\\/\\\/schema.org\",\"@graph\":[{\"@type\":\"WebPage\",\"@id\":\"https:\\\/\\\/www.ekoprodur.com\\\/ro\\\/product\\\/ekoprodur-s331fl\\\/\",\"url\":\"https:\\\/\\\/www.ekoprodur.com\\\/ro\\\/product\\\/ekoprodur-s331fl\\\/\",\"name\":\"Ekoprodur S331FL - www.ekoprodur.com\",\"isPartOf\":{\"@id\":\"https:\\\/\\\/www.ekoprodur.com\\\/ro\\\/#website\"},\"primaryImageOfPage\":{\"@id\":\"https:\\\/\\\/www.ekoprodur.com\\\/ro\\\/product\\\/ekoprodur-s331fl\\\/#primaryimage\"},\"image\":{\"@id\":\"https:\\\/\\\/www.ekoprodur.com\\\/ro\\\/product\\\/ekoprodur-s331fl\\\/#primaryimage\"},\"thumbnailUrl\":\"https:\\\/\\\/www.ekoprodur.com\\\/wp-content\\\/uploads\\\/2022\\\/02\\\/S0340FL.png\",\"datePublished\":\"2022-02-01T11:29:01+00:00\",\"breadcrumb\":{\"@id\":\"https:\\\/\\\/www.ekoprodur.com\\\/ro\\\/product\\\/ekoprodur-s331fl\\\/#breadcrumb\"},\"inLanguage\":\"ro-RO\",\"potentialAction\":[{\"@type\":\"ReadAction\",\"target\":[\"https:\\\/\\\/www.ekoprodur.com\\\/ro\\\/product\\\/ekoprodur-s331fl\\\/\"]}]},{\"@type\":\"ImageObject\",\"inLanguage\":\"ro-RO\",\"@id\":\"https:\\\/\\\/www.ekoprodur.com\\\/ro\\\/product\\\/ekoprodur-s331fl\\\/#primaryimage\",\"url\":\"https:\\\/\\\/www.ekoprodur.com\\\/wp-content\\\/uploads\\\/2022\\\/02\\\/S0340FL.png\",\"contentUrl\":\"https:\\\/\\\/www.ekoprodur.com\\\/wp-content\\\/uploads\\\/2022\\\/02\\\/S0340FL.png\",\"width\":617,\"height\":415},{\"@type\":\"BreadcrumbList\",\"@id\":\"https:\\\/\\\/www.ekoprodur.com\\\/ro\\\/product\\\/ekoprodur-s331fl\\\/#breadcrumb\",\"itemListElement\":[{\"@type\":\"ListItem\",\"position\":1,\"name\":\"Strona g\u0142\u00f3wna\",\"item\":\"https:\\\/\\\/www.ekoprodur.com\\\/ro\\\/\"},{\"@type\":\"ListItem\",\"position\":2,\"name\":\"Ekoprodur S331FL\"}]},{\"@type\":\"WebSite\",\"@id\":\"https:\\\/\\\/www.ekoprodur.com\\\/ro\\\/#website\",\"url\":\"https:\\\/\\\/www.ekoprodur.com\\\/ro\\\/\",\"name\":\"www.ekoprodur.com\",\"description\":\"Spray foam insulation The most effective insulation for your home!\",\"publisher\":{\"@id\":\"https:\\\/\\\/www.ekoprodur.com\\\/ro\\\/#organization\"},\"potentialAction\":[{\"@type\":\"SearchAction\",\"target\":{\"@type\":\"EntryPoint\",\"urlTemplate\":\"https:\\\/\\\/www.ekoprodur.com\\\/ro\\\/?s={search_term_string}\"},\"query-input\":{\"@type\":\"PropertyValueSpecification\",\"valueRequired\":true,\"valueName\":\"search_term_string\"}}],\"inLanguage\":\"ro-RO\"},{\"@type\":\"Organization\",\"@id\":\"https:\\\/\\\/www.ekoprodur.com\\\/ro\\\/#organization\",\"name\":\"www.ekoprodur.com\",\"url\":\"https:\\\/\\\/www.ekoprodur.com\\\/ro\\\/\",\"logo\":{\"@type\":\"ImageObject\",\"inLanguage\":\"ro-RO\",\"@id\":\"https:\\\/\\\/www.ekoprodur.com\\\/ro\\\/#\\\/schema\\\/logo\\\/image\\\/\",\"url\":\"https:\\\/\\\/www.ekoprodur.com\\\/wp-content\\\/uploads\\\/2021\\\/12\\\/Logotype.png\",\"contentUrl\":\"https:\\\/\\\/www.ekoprodur.com\\\/wp-content\\\/uploads\\\/2021\\\/12\\\/Logotype.png\",\"width\":337,\"height\":120,\"caption\":\"www.ekoprodur.com\"},\"image\":{\"@id\":\"https:\\\/\\\/www.ekoprodur.com\\\/ro\\\/#\\\/schema\\\/logo\\\/image\\\/\"}}]}<\/script>\n<!-- \/ Yoast SEO plugin. -->","yoast_head_json":{"title":"Ekoprodur S331FL - www.ekoprodur.com","robots":{"index":"index","follow":"follow","max-snippet":"max-snippet:-1","max-image-preview":"max-image-preview:large","max-video-preview":"max-video-preview:-1"},"canonical":"https:\/\/www.ekoprodur.com\/ro\/product\/ekoprodur-s331fl\/","og_locale":"ro_RO","og_type":"article","og_title":"Ekoprodur S331FL - www.ekoprodur.com","og_description":"Ekoprodur S0331FL este un sistem bicomponent pentru producerea de spum\u0103 rigid\u0103 cu celule \u00eenchise cu propriet\u0103\u021bi de autoextinc\u021bie. Propriet\u0103\u021bile excelente de izolare a spumei au fost ob\u021binute datorit\u0103 utiliz\u0103rii HFO &#8211; un agent de spumare de a patra genera\u021bie din grupul hidrofluoroolefinelor cu poten\u021bial sc\u0103zut de efect de ser\u0103 GWP = 1 \u0219i poten\u021bial zero [&hellip;]","og_url":"https:\/\/www.ekoprodur.com\/ro\/product\/ekoprodur-s331fl\/","og_site_name":"www.ekoprodur.com","twitter_card":"summary_large_image","schema":{"@context":"https:\/\/schema.org","@graph":[{"@type":"WebPage","@id":"https:\/\/www.ekoprodur.com\/ro\/product\/ekoprodur-s331fl\/","url":"https:\/\/www.ekoprodur.com\/ro\/product\/ekoprodur-s331fl\/","name":"Ekoprodur S331FL - www.ekoprodur.com","isPartOf":{"@id":"https:\/\/www.ekoprodur.com\/ro\/#website"},"primaryImageOfPage":{"@id":"https:\/\/www.ekoprodur.com\/ro\/product\/ekoprodur-s331fl\/#primaryimage"},"image":{"@id":"https:\/\/www.ekoprodur.com\/ro\/product\/ekoprodur-s331fl\/#primaryimage"},"thumbnailUrl":"https:\/\/www.ekoprodur.com\/wp-content\/uploads\/2022\/02\/S0340FL.png","datePublished":"2022-02-01T11:29:01+00:00","breadcrumb":{"@id":"https:\/\/www.ekoprodur.com\/ro\/product\/ekoprodur-s331fl\/#breadcrumb"},"inLanguage":"ro-RO","potentialAction":[{"@type":"ReadAction","target":["https:\/\/www.ekoprodur.com\/ro\/product\/ekoprodur-s331fl\/"]}]},{"@type":"ImageObject","inLanguage":"ro-RO","@id":"https:\/\/www.ekoprodur.com\/ro\/product\/ekoprodur-s331fl\/#primaryimage","url":"https:\/\/www.ekoprodur.com\/wp-content\/uploads\/2022\/02\/S0340FL.png","contentUrl":"https:\/\/www.ekoprodur.com\/wp-content\/uploads\/2022\/02\/S0340FL.png","width":617,"height":415},{"@type":"BreadcrumbList","@id":"https:\/\/www.ekoprodur.com\/ro\/product\/ekoprodur-s331fl\/#breadcrumb","itemListElement":[{"@type":"ListItem","position":1,"name":"Strona g\u0142\u00f3wna","item":"https:\/\/www.ekoprodur.com\/ro\/"},{"@type":"ListItem","position":2,"name":"Ekoprodur S331FL"}]},{"@type":"WebSite","@id":"https:\/\/www.ekoprodur.com\/ro\/#website","url":"https:\/\/www.ekoprodur.com\/ro\/","name":"www.ekoprodur.com","description":"Spray foam insulation The most effective insulation for your home!","publisher":{"@id":"https:\/\/www.ekoprodur.com\/ro\/#organization"},"potentialAction":[{"@type":"SearchAction","target":{"@type":"EntryPoint","urlTemplate":"https:\/\/www.ekoprodur.com\/ro\/?s={search_term_string}"},"query-input":{"@type":"PropertyValueSpecification","valueRequired":true,"valueName":"search_term_string"}}],"inLanguage":"ro-RO"},{"@type":"Organization","@id":"https:\/\/www.ekoprodur.com\/ro\/#organization","name":"www.ekoprodur.com","url":"https:\/\/www.ekoprodur.com\/ro\/","logo":{"@type":"ImageObject","inLanguage":"ro-RO","@id":"https:\/\/www.ekoprodur.com\/ro\/#\/schema\/logo\/image\/","url":"https:\/\/www.ekoprodur.com\/wp-content\/uploads\/2021\/12\/Logotype.png","contentUrl":"https:\/\/www.ekoprodur.com\/wp-content\/uploads\/2021\/12\/Logotype.png","width":337,"height":120,"caption":"www.ekoprodur.com"},"image":{"@id":"https:\/\/www.ekoprodur.com\/ro\/#\/schema\/logo\/image\/"}}]}},"_links":{"self":[{"href":"https:\/\/www.ekoprodur.com\/ro\/wp-json\/wp\/v2\/product\/3334","targetHints":{"allow":["GET"]}}],"collection":[{"href":"https:\/\/www.ekoprodur.com\/ro\/wp-json\/wp\/v2\/product"}],"about":[{"href":"https:\/\/www.ekoprodur.com\/ro\/wp-json\/wp\/v2\/types\/product"}],"wp:featuredmedia":[{"embeddable":true,"href":"https:\/\/www.ekoprodur.com\/ro\/wp-json\/wp\/v2\/media\/3335"}],"wp:attachment":[{"href":"https:\/\/www.ekoprodur.com\/ro\/wp-json\/wp\/v2\/media?parent=3334"}],"curies":[{"name":"wp","href":"https:\/\/api.w.org\/{rel}","templated":true}]}}