{"id":3212,"date":"2023-07-11T13:57:15","date_gmt":"2023-07-11T11:57:15","guid":{"rendered":"https:\/\/www.ekoprodur.com\/product\/ekoprodur-s0542\/"},"modified":"2023-07-11T13:57:15","modified_gmt":"2023-07-11T11:57:15","slug":"ekoprodur-s0542","status":"publish","type":"product","link":"https:\/\/www.ekoprodur.com\/ro\/product\/ekoprodur-s0542\/","title":{"rendered":"Ekoprodur S0542"},"content":{"rendered":"<p>EKOPRODUR S0542 este un sistem bicomponent pentru producerea de spum\u0103 poliuretanic\u0103 rigid\u0103 cu celule \u00eenchise, autoextingheribil\u0103. Propriet\u0103\u021bile excelente de izolare a spumei au fost ob\u021binute prin utilizarea HFO &#8211; un agent de spumare de a patra genera\u021bie din grupul hidrofluoroolefinelor cu un poten\u021bial sc\u0103zut de efect de ser\u0103 GWP = 1 \u0219i un poten\u021bial zero de distrugere a ozonului ODP = 0. Sistemul este utilizat \u00een principal pentru izolarea exterioar\u0103 \u0219i etan\u0219area acoperi\u0219urilor plate. Produsul este destinat \u00een principal pie\u021bei din Europa de Vest.<\/p>\n","protected":false},"featured_media":3217,"template":"","class_list":["post-3212","product","type-product","status-publish","has-post-thumbnail","hentry"],"acf":[],"yoast_head":"<!-- This site is optimized with the Yoast SEO plugin v27.3 - https:\/\/yoast.com\/product\/yoast-seo-wordpress\/ -->\n<title>Ekoprodur S0542 - www.ekoprodur.com<\/title>\n<meta name=\"robots\" content=\"index, follow, max-snippet:-1, max-image-preview:large, max-video-preview:-1\" \/>\n<link rel=\"canonical\" href=\"https:\/\/www.ekoprodur.com\/ro\/product\/ekoprodur-s0542\/\" \/>\n<meta property=\"og:locale\" content=\"ro_RO\" \/>\n<meta property=\"og:type\" content=\"article\" \/>\n<meta property=\"og:title\" content=\"Ekoprodur S0542 - www.ekoprodur.com\" \/>\n<meta property=\"og:description\" content=\"EKOPRODUR S0542 este un sistem bicomponent pentru producerea de spum\u0103 poliuretanic\u0103 rigid\u0103 cu celule \u00eenchise, autoextingheribil\u0103. Propriet\u0103\u021bile excelente de izolare a spumei au fost ob\u021binute prin utilizarea HFO &#8211; un agent de spumare de a patra genera\u021bie din grupul hidrofluoroolefinelor cu un poten\u021bial sc\u0103zut de efect de ser\u0103 GWP = 1 \u0219i un poten\u021bial zero [&hellip;]\" \/>\n<meta property=\"og:url\" content=\"https:\/\/www.ekoprodur.com\/ro\/product\/ekoprodur-s0542\/\" \/>\n<meta property=\"og:site_name\" content=\"www.ekoprodur.com\" \/>\n<meta name=\"twitter:card\" content=\"summary_large_image\" \/>\n<script type=\"application\/ld+json\" class=\"yoast-schema-graph\">{\"@context\":\"https:\\\/\\\/schema.org\",\"@graph\":[{\"@type\":\"WebPage\",\"@id\":\"https:\\\/\\\/www.ekoprodur.com\\\/ro\\\/product\\\/ekoprodur-s0542\\\/\",\"url\":\"https:\\\/\\\/www.ekoprodur.com\\\/ro\\\/product\\\/ekoprodur-s0542\\\/\",\"name\":\"Ekoprodur S0542 - www.ekoprodur.com\",\"isPartOf\":{\"@id\":\"https:\\\/\\\/www.ekoprodur.com\\\/ro\\\/#website\"},\"primaryImageOfPage\":{\"@id\":\"https:\\\/\\\/www.ekoprodur.com\\\/ro\\\/product\\\/ekoprodur-s0542\\\/#primaryimage\"},\"image\":{\"@id\":\"https:\\\/\\\/www.ekoprodur.com\\\/ro\\\/product\\\/ekoprodur-s0542\\\/#primaryimage\"},\"thumbnailUrl\":\"https:\\\/\\\/www.ekoprodur.com\\\/wp-content\\\/uploads\\\/2021\\\/12\\\/S540.png\",\"datePublished\":\"2023-07-11T11:57:15+00:00\",\"breadcrumb\":{\"@id\":\"https:\\\/\\\/www.ekoprodur.com\\\/ro\\\/product\\\/ekoprodur-s0542\\\/#breadcrumb\"},\"inLanguage\":\"ro-RO\",\"potentialAction\":[{\"@type\":\"ReadAction\",\"target\":[\"https:\\\/\\\/www.ekoprodur.com\\\/ro\\\/product\\\/ekoprodur-s0542\\\/\"]}]},{\"@type\":\"ImageObject\",\"inLanguage\":\"ro-RO\",\"@id\":\"https:\\\/\\\/www.ekoprodur.com\\\/ro\\\/product\\\/ekoprodur-s0542\\\/#primaryimage\",\"url\":\"https:\\\/\\\/www.ekoprodur.com\\\/wp-content\\\/uploads\\\/2021\\\/12\\\/S540.png\",\"contentUrl\":\"https:\\\/\\\/www.ekoprodur.com\\\/wp-content\\\/uploads\\\/2021\\\/12\\\/S540.png\",\"width\":617,\"height\":415},{\"@type\":\"BreadcrumbList\",\"@id\":\"https:\\\/\\\/www.ekoprodur.com\\\/ro\\\/product\\\/ekoprodur-s0542\\\/#breadcrumb\",\"itemListElement\":[{\"@type\":\"ListItem\",\"position\":1,\"name\":\"Strona g\u0142\u00f3wna\",\"item\":\"https:\\\/\\\/www.ekoprodur.com\\\/ro\\\/\"},{\"@type\":\"ListItem\",\"position\":2,\"name\":\"Ekoprodur S0542\"}]},{\"@type\":\"WebSite\",\"@id\":\"https:\\\/\\\/www.ekoprodur.com\\\/ro\\\/#website\",\"url\":\"https:\\\/\\\/www.ekoprodur.com\\\/ro\\\/\",\"name\":\"www.ekoprodur.com\",\"description\":\"Spray foam insulation The most effective insulation for your home!\",\"publisher\":{\"@id\":\"https:\\\/\\\/www.ekoprodur.com\\\/ro\\\/#organization\"},\"potentialAction\":[{\"@type\":\"SearchAction\",\"target\":{\"@type\":\"EntryPoint\",\"urlTemplate\":\"https:\\\/\\\/www.ekoprodur.com\\\/ro\\\/?s={search_term_string}\"},\"query-input\":{\"@type\":\"PropertyValueSpecification\",\"valueRequired\":true,\"valueName\":\"search_term_string\"}}],\"inLanguage\":\"ro-RO\"},{\"@type\":\"Organization\",\"@id\":\"https:\\\/\\\/www.ekoprodur.com\\\/ro\\\/#organization\",\"name\":\"www.ekoprodur.com\",\"url\":\"https:\\\/\\\/www.ekoprodur.com\\\/ro\\\/\",\"logo\":{\"@type\":\"ImageObject\",\"inLanguage\":\"ro-RO\",\"@id\":\"https:\\\/\\\/www.ekoprodur.com\\\/ro\\\/#\\\/schema\\\/logo\\\/image\\\/\",\"url\":\"https:\\\/\\\/www.ekoprodur.com\\\/wp-content\\\/uploads\\\/2021\\\/12\\\/Logotype.png\",\"contentUrl\":\"https:\\\/\\\/www.ekoprodur.com\\\/wp-content\\\/uploads\\\/2021\\\/12\\\/Logotype.png\",\"width\":337,\"height\":120,\"caption\":\"www.ekoprodur.com\"},\"image\":{\"@id\":\"https:\\\/\\\/www.ekoprodur.com\\\/ro\\\/#\\\/schema\\\/logo\\\/image\\\/\"}}]}<\/script>\n<!-- \/ Yoast SEO plugin. -->","yoast_head_json":{"title":"Ekoprodur S0542 - www.ekoprodur.com","robots":{"index":"index","follow":"follow","max-snippet":"max-snippet:-1","max-image-preview":"max-image-preview:large","max-video-preview":"max-video-preview:-1"},"canonical":"https:\/\/www.ekoprodur.com\/ro\/product\/ekoprodur-s0542\/","og_locale":"ro_RO","og_type":"article","og_title":"Ekoprodur S0542 - www.ekoprodur.com","og_description":"EKOPRODUR S0542 este un sistem bicomponent pentru producerea de spum\u0103 poliuretanic\u0103 rigid\u0103 cu celule \u00eenchise, autoextingheribil\u0103. Propriet\u0103\u021bile excelente de izolare a spumei au fost ob\u021binute prin utilizarea HFO &#8211; un agent de spumare de a patra genera\u021bie din grupul hidrofluoroolefinelor cu un poten\u021bial sc\u0103zut de efect de ser\u0103 GWP = 1 \u0219i un poten\u021bial zero [&hellip;]","og_url":"https:\/\/www.ekoprodur.com\/ro\/product\/ekoprodur-s0542\/","og_site_name":"www.ekoprodur.com","twitter_card":"summary_large_image","schema":{"@context":"https:\/\/schema.org","@graph":[{"@type":"WebPage","@id":"https:\/\/www.ekoprodur.com\/ro\/product\/ekoprodur-s0542\/","url":"https:\/\/www.ekoprodur.com\/ro\/product\/ekoprodur-s0542\/","name":"Ekoprodur S0542 - www.ekoprodur.com","isPartOf":{"@id":"https:\/\/www.ekoprodur.com\/ro\/#website"},"primaryImageOfPage":{"@id":"https:\/\/www.ekoprodur.com\/ro\/product\/ekoprodur-s0542\/#primaryimage"},"image":{"@id":"https:\/\/www.ekoprodur.com\/ro\/product\/ekoprodur-s0542\/#primaryimage"},"thumbnailUrl":"https:\/\/www.ekoprodur.com\/wp-content\/uploads\/2021\/12\/S540.png","datePublished":"2023-07-11T11:57:15+00:00","breadcrumb":{"@id":"https:\/\/www.ekoprodur.com\/ro\/product\/ekoprodur-s0542\/#breadcrumb"},"inLanguage":"ro-RO","potentialAction":[{"@type":"ReadAction","target":["https:\/\/www.ekoprodur.com\/ro\/product\/ekoprodur-s0542\/"]}]},{"@type":"ImageObject","inLanguage":"ro-RO","@id":"https:\/\/www.ekoprodur.com\/ro\/product\/ekoprodur-s0542\/#primaryimage","url":"https:\/\/www.ekoprodur.com\/wp-content\/uploads\/2021\/12\/S540.png","contentUrl":"https:\/\/www.ekoprodur.com\/wp-content\/uploads\/2021\/12\/S540.png","width":617,"height":415},{"@type":"BreadcrumbList","@id":"https:\/\/www.ekoprodur.com\/ro\/product\/ekoprodur-s0542\/#breadcrumb","itemListElement":[{"@type":"ListItem","position":1,"name":"Strona g\u0142\u00f3wna","item":"https:\/\/www.ekoprodur.com\/ro\/"},{"@type":"ListItem","position":2,"name":"Ekoprodur S0542"}]},{"@type":"WebSite","@id":"https:\/\/www.ekoprodur.com\/ro\/#website","url":"https:\/\/www.ekoprodur.com\/ro\/","name":"www.ekoprodur.com","description":"Spray foam insulation The most effective insulation for your home!","publisher":{"@id":"https:\/\/www.ekoprodur.com\/ro\/#organization"},"potentialAction":[{"@type":"SearchAction","target":{"@type":"EntryPoint","urlTemplate":"https:\/\/www.ekoprodur.com\/ro\/?s={search_term_string}"},"query-input":{"@type":"PropertyValueSpecification","valueRequired":true,"valueName":"search_term_string"}}],"inLanguage":"ro-RO"},{"@type":"Organization","@id":"https:\/\/www.ekoprodur.com\/ro\/#organization","name":"www.ekoprodur.com","url":"https:\/\/www.ekoprodur.com\/ro\/","logo":{"@type":"ImageObject","inLanguage":"ro-RO","@id":"https:\/\/www.ekoprodur.com\/ro\/#\/schema\/logo\/image\/","url":"https:\/\/www.ekoprodur.com\/wp-content\/uploads\/2021\/12\/Logotype.png","contentUrl":"https:\/\/www.ekoprodur.com\/wp-content\/uploads\/2021\/12\/Logotype.png","width":337,"height":120,"caption":"www.ekoprodur.com"},"image":{"@id":"https:\/\/www.ekoprodur.com\/ro\/#\/schema\/logo\/image\/"}}]}},"_links":{"self":[{"href":"https:\/\/www.ekoprodur.com\/ro\/wp-json\/wp\/v2\/product\/3212","targetHints":{"allow":["GET"]}}],"collection":[{"href":"https:\/\/www.ekoprodur.com\/ro\/wp-json\/wp\/v2\/product"}],"about":[{"href":"https:\/\/www.ekoprodur.com\/ro\/wp-json\/wp\/v2\/types\/product"}],"wp:featuredmedia":[{"embeddable":true,"href":"https:\/\/www.ekoprodur.com\/ro\/wp-json\/wp\/v2\/media\/3217"}],"wp:attachment":[{"href":"https:\/\/www.ekoprodur.com\/ro\/wp-json\/wp\/v2\/media?parent=3212"}],"curies":[{"name":"wp","href":"https:\/\/api.w.org\/{rel}","templated":true}]}}