{"id":2579,"date":"2022-01-04T09:30:38","date_gmt":"2022-01-04T08:30:38","guid":{"rendered":"https:\/\/www.ekoprodur.com\/despre-noi\/"},"modified":"2025-09-17T16:46:01","modified_gmt":"2025-09-17T14:46:01","slug":"despre-noi","status":"publish","type":"page","link":"https:\/\/www.ekoprodur.com\/ro\/despre-noi\/","title":{"rendered":"Despre noi"},"content":{"rendered":"\t\t<div data-elementor-type=\"wp-page\" data-elementor-id=\"2579\" class=\"elementor elementor-2579 elementor-2606\" data-elementor-post-type=\"page\">\n\t\t\t\t\t\t<section class=\"elementor-section elementor-top-section elementor-element elementor-element-854a71b elementor-section-boxed elementor-section-height-default elementor-section-height-default\" data-id=\"854a71b\" data-element_type=\"section\" data-e-type=\"section\">\n\t\t\t\t\t\t<div class=\"elementor-container elementor-column-gap-no\">\n\t\t\t\t\t<div class=\"elementor-column elementor-col-50 elementor-top-column elementor-element elementor-element-23d5560\" data-id=\"23d5560\" data-element_type=\"column\" data-e-type=\"column\">\n\t\t\t<div class=\"elementor-widget-wrap elementor-element-populated\">\n\t\t\t\t\t\t<div class=\"elementor-element elementor-element-5dd09bf elementor-widget elementor-widget-heading\" data-id=\"5dd09bf\" data-element_type=\"widget\" data-e-type=\"widget\" data-widget_type=\"heading.default\">\n\t\t\t\t<div class=\"elementor-widget-container\">\n\t\t\t\t\t<h1 class=\"elementor-heading-title elementor-size-default\">Despre noi<\/h1>\t\t\t\t<\/div>\n\t\t\t\t<\/div>\n\t\t\t\t\t<\/div>\n\t\t<\/div>\n\t\t\t\t<div class=\"elementor-column elementor-col-50 elementor-top-column elementor-element elementor-element-dc601f4\" data-id=\"dc601f4\" data-element_type=\"column\" data-e-type=\"column\">\n\t\t\t<div class=\"elementor-widget-wrap\">\n\t\t\t\t\t\t\t<\/div>\n\t\t<\/div>\n\t\t\t\t\t<\/div>\n\t\t<\/section>\n\t\t\t\t<section class=\"elementor-section elementor-top-section elementor-element elementor-element-250928a elementor-section-boxed elementor-section-height-default elementor-section-height-default\" data-id=\"250928a\" data-element_type=\"section\" data-e-type=\"section\">\n\t\t\t\t\t\t<div class=\"elementor-container elementor-column-gap-no\">\n\t\t\t\t\t<div class=\"elementor-column elementor-col-50 elementor-top-column elementor-element elementor-element-e8747ac\" data-id=\"e8747ac\" data-element_type=\"column\" data-e-type=\"column\">\n\t\t\t<div class=\"elementor-widget-wrap elementor-element-populated\">\n\t\t\t\t\t\t<div class=\"elementor-element elementor-element-0d2dd98 elementor-widget elementor-widget-heading\" data-id=\"0d2dd98\" data-element_type=\"widget\" data-e-type=\"widget\" data-widget_type=\"heading.default\">\n\t\t\t\t<div class=\"elementor-widget-container\">\n\t\t\t\t\t<h2 class=\"elementor-heading-title elementor-size-default\">Un furnizor dovedit de spume poliuretanice\n\n\n<\/h2>\t\t\t\t<\/div>\n\t\t\t\t<\/div>\n\t\t\t\t<div class=\"elementor-element elementor-element-7107a94 elementor-widget elementor-widget-text-editor\" data-id=\"7107a94\" data-element_type=\"widget\" data-e-type=\"widget\" data-widget_type=\"text-editor.default\">\n\t\t\t\t<div class=\"elementor-widget-container\">\n\t\t\t\t\t\t\t\t\t<p>ISOCONCEPT PLUS SRL a fost \u00eenfiin\u021bat\u0103 \u00een 2005 cu scopul de a furniza solu\u021bii de izola\u021bie de cea mai \u00eenalt\u0103 calitate, sprijinind eficien\u021ba energetic\u0103 a cl\u0103dirilor. Datorit\u0103 parteneriatului strategic cu produc\u0103tori de top, cum ar fi PCC Prodex, oferim materiale izolante inovative \u0219i fiabile. Colaborarea cu PCC Prodex, care ne asigur\u0103 accesul la tehnologii avansate \u0219i produse de excep\u021bie, ne permite s\u0103 r\u0103spundem cerin\u021belor pie\u021bei din Rom\u00e2nia, precum \u0219i s\u0103 extindem prezen\u021ba noastr\u0103 pe pie\u021bele interna\u021bionale. Oferim cu toat\u0103 \u00eencrederea solu\u021biile noastre, care reprezint\u0103 o alternativ\u0103 excelent\u0103 la metodele tradi\u021bionale de izola\u021bie, asigur\u00e2nd economii de energie \u0219i confort de utilizare.<\/p>\t\t\t\t\t\t\t\t<\/div>\n\t\t\t\t<\/div>\n\t\t\t\t\t<\/div>\n\t\t<\/div>\n\t\t\t\t<div class=\"elementor-column elementor-col-50 elementor-top-column elementor-element elementor-element-ddf8787\" data-id=\"ddf8787\" data-element_type=\"column\" data-e-type=\"column\">\n\t\t\t<div class=\"elementor-widget-wrap elementor-element-populated\">\n\t\t\t\t\t\t<div class=\"elementor-element elementor-element-02d66f5 elementor-widget elementor-widget-image\" data-id=\"02d66f5\" data-element_type=\"widget\" data-e-type=\"widget\" data-widget_type=\"image.default\">\n\t\t\t\t<div class=\"elementor-widget-container\">\n\t\t\t\t\t\t\t\t\t\t\t\t\t\t\t<img fetchpriority=\"high\" decoding=\"async\" width=\"620\" height=\"620\" src=\"https:\/\/www.ekoprodur.com\/wp-content\/uploads\/2022\/01\/front-view-worker-construction-wearing-protection-gear.png\" class=\"attachment-large size-large wp-image-572\" alt=\"\" srcset=\"https:\/\/www.ekoprodur.com\/wp-content\/uploads\/2022\/01\/front-view-worker-construction-wearing-protection-gear.png 620w, https:\/\/www.ekoprodur.com\/wp-content\/uploads\/2022\/01\/front-view-worker-construction-wearing-protection-gear-300x300.png 300w, https:\/\/www.ekoprodur.com\/wp-content\/uploads\/2022\/01\/front-view-worker-construction-wearing-protection-gear-150x150.png 150w\" sizes=\"(max-width: 620px) 100vw, 620px\" \/>\t\t\t\t\t\t\t\t\t\t\t\t\t\t\t<\/div>\n\t\t\t\t<\/div>\n\t\t\t\t\t<\/div>\n\t\t<\/div>\n\t\t\t\t\t<\/div>\n\t\t<\/section>\n\t\t\t\t<section class=\"elementor-section elementor-top-section elementor-element elementor-element-572d76f elementor-reverse-mobile elementor-section-boxed elementor-section-height-default elementor-section-height-default\" data-id=\"572d76f\" data-element_type=\"section\" data-e-type=\"section\">\n\t\t\t\t\t\t<div class=\"elementor-container elementor-column-gap-no\">\n\t\t\t\t\t<div class=\"elementor-column elementor-col-50 elementor-top-column elementor-element elementor-element-e9bf027\" data-id=\"e9bf027\" data-element_type=\"column\" data-e-type=\"column\">\n\t\t\t<div class=\"elementor-widget-wrap elementor-element-populated\">\n\t\t\t\t\t\t<div class=\"elementor-element elementor-element-939d8a2 elementor-widget elementor-widget-image\" data-id=\"939d8a2\" data-element_type=\"widget\" data-e-type=\"widget\" data-widget_type=\"image.default\">\n\t\t\t\t<div class=\"elementor-widget-container\">\n\t\t\t\t\t\t\t\t\t\t\t\t\t\t\t<img decoding=\"async\" width=\"620\" height=\"620\" src=\"https:\/\/www.ekoprodur.com\/wp-content\/uploads\/2022\/01\/DSC_4339.png\" class=\"attachment-large size-large wp-image-573\" alt=\"\" srcset=\"https:\/\/www.ekoprodur.com\/wp-content\/uploads\/2022\/01\/DSC_4339.png 620w, https:\/\/www.ekoprodur.com\/wp-content\/uploads\/2022\/01\/DSC_4339-300x300.png 300w, https:\/\/www.ekoprodur.com\/wp-content\/uploads\/2022\/01\/DSC_4339-150x150.png 150w\" sizes=\"(max-width: 620px) 100vw, 620px\" \/>\t\t\t\t\t\t\t\t\t\t\t\t\t\t\t<\/div>\n\t\t\t\t<\/div>\n\t\t\t\t\t<\/div>\n\t\t<\/div>\n\t\t\t\t<div class=\"elementor-column elementor-col-50 elementor-top-column elementor-element elementor-element-bae177a\" data-id=\"bae177a\" data-element_type=\"column\" data-e-type=\"column\">\n\t\t\t<div class=\"elementor-widget-wrap elementor-element-populated\">\n\t\t\t\t\t\t<div class=\"elementor-element elementor-element-bd363ea elementor-widget elementor-widget-heading\" data-id=\"bd363ea\" data-element_type=\"widget\" data-e-type=\"widget\" data-widget_type=\"heading.default\">\n\t\t\t\t<div class=\"elementor-widget-container\">\n\t\t\t\t\t<h2 class=\"elementor-heading-title elementor-size-default\">Produc\u0103tor de sisteme poliuretanice<\/h2>\t\t\t\t<\/div>\n\t\t\t\t<\/div>\n\t\t\t\t<div class=\"elementor-element elementor-element-fa15b15 elementor-widget elementor-widget-image\" data-id=\"fa15b15\" data-element_type=\"widget\" data-e-type=\"widget\" data-widget_type=\"image.default\">\n\t\t\t\t<div class=\"elementor-widget-container\">\n\t\t\t\t\t\t\t\t\t\t\t\t\t\t\t<img decoding=\"async\" src=\"https:\/\/www.ekoprodur.com\/wp-content\/uploads\/elementor\/thumbs\/PCC_logo_trans_orange-przyciete-rbvrdygc5op7fbftgbjnuxmrxiisir9y7414eqd59e.png\" title=\"PCC_logo_trans_orange-przyci\u0119te\" alt=\"PCC_logo_trans_orange-przyci\u0119te\" loading=\"lazy\" \/>\t\t\t\t\t\t\t\t\t\t\t\t\t\t\t<\/div>\n\t\t\t\t<\/div>\n\t\t\t\t<div class=\"elementor-element elementor-element-6c3362d elementor-widget elementor-widget-text-editor\" data-id=\"6c3362d\" data-element_type=\"widget\" data-e-type=\"widget\" data-widget_type=\"text-editor.default\">\n\t\t\t\t<div class=\"elementor-widget-container\">\n\t\t\t\t\t\t\t\t\t<p data-start=\"0\" data-end=\"611\">PCC Prodex face parte din Grupul PCC, ceea ce ne ofer\u0103 acces la experien\u021ba bogat\u0103 a unui concern interna\u021bional \u0219i la facilit\u0103\u021bi moderne de cercetare-dezvoltare. Datorit\u0103 acestui fapt, produsele noastre sunt create cu sprijinul cuno\u0219tin\u021belor exper\u021bilor din diverse domenii \u0219i bazate pe tehnologii inovative, care stabilesc direc\u021biile de dezvoltare ale pie\u021bei poliuretanilor. Combinarea competen\u021belor speciali\u0219tilor \u0219i a posibilit\u0103\u021bilor laboratoarelor Grupului PCC ne permite s\u0103 cre\u0103m sisteme care nu sunt doar durabile \u0219i sigure, dar \u0219i prietenoase cu mediul \u0219i adaptate la cerin\u021bele \u00een schimbare ale clien\u021bilor.<\/p><p>\u00a0<\/p><p data-start=\"613\" data-end=\"1097\" data-is-last-node=\"\" data-is-only-node=\"\">Grupul PCC este un concern \u00een expansiune rapid\u0103 cu un impact global, activ \u00een domeniile chimic, energetic \u0219i logistic. For\u021ba sa provine din sinergia cuno\u0219tin\u021belor, inova\u021biei \u0219i experien\u021bei \u00eendelungate, care se reflect\u0103 \u00een dezvoltarea de solu\u021bii moderne ce sprijin\u0103 cre\u0219terea mai multor sectoare ale economiei. Datorit\u0103 acestui fapt, PCC Prodex, ca parte a acestui grup, poate garanta clien\u021bilor s\u0103i cea mai \u00eenalt\u0103 calitate \u0219i siguran\u021ba c\u0103 aleg un partener stabil \u0219i demn de \u00eencredere.<\/p>\t\t\t\t\t\t\t\t<\/div>\n\t\t\t\t<\/div>\n\t\t\t\t\t<\/div>\n\t\t<\/div>\n\t\t\t\t\t<\/div>\n\t\t<\/section>\n\t\t\t\t<\/div>\n\t\t","protected":false},"excerpt":{"rendered":"<p>Despre noi Un furnizor dovedit de spume poliuretanice ISOCONCEPT PLUS SRL a fost \u00eenfiin\u021bat\u0103 \u00een 2005 cu scopul de a furniza solu\u021bii de izola\u021bie de cea mai \u00eenalt\u0103 calitate, sprijinind eficien\u021ba energetic\u0103 a cl\u0103dirilor. Datorit\u0103 parteneriatului strategic cu produc\u0103tori de top, cum ar fi PCC Prodex, oferim materiale izolante inovative \u0219i fiabile. Colaborarea cu PCC [&hellip;]<\/p>\n","protected":false},"author":1,"featured_media":0,"parent":0,"menu_order":0,"comment_status":"closed","ping_status":"closed","template":"","meta":{"_acf_changed":false,"footnotes":""},"class_list":["post-2579","page","type-page","status-publish","hentry"],"acf":[],"yoast_head":"<!-- This site is optimized with the Yoast SEO plugin v27.3 - https:\/\/yoast.com\/product\/yoast-seo-wordpress\/ -->\n<title>Un furnizor dovedit de spume poliuretanice<\/title>\n<meta name=\"description\" content=\"Modbuild Supplies Limited a \u00eenceput \u00een 2021 cu scopul de a furniza o gam\u0103 de produse de izola\u021bie de \u00eenalt\u0103 calitate \u0219i eficien\u021b\u0103 energetic\u0103.\" \/>\n<meta name=\"robots\" content=\"index, follow, max-snippet:-1, max-image-preview:large, max-video-preview:-1\" \/>\n<link rel=\"canonical\" href=\"https:\/\/www.ekoprodur.com\/ro\/despre-noi\/\" \/>\n<meta property=\"og:locale\" content=\"ro_RO\" \/>\n<meta property=\"og:type\" content=\"article\" \/>\n<meta property=\"og:title\" content=\"Un furnizor dovedit de spume poliuretanice\" \/>\n<meta property=\"og:description\" content=\"Modbuild Supplies Limited a \u00eenceput \u00een 2021 cu scopul de a furniza o gam\u0103 de produse de izola\u021bie de \u00eenalt\u0103 calitate \u0219i eficien\u021b\u0103 energetic\u0103.\" \/>\n<meta property=\"og:url\" content=\"https:\/\/www.ekoprodur.com\/ro\/despre-noi\/\" \/>\n<meta property=\"og:site_name\" content=\"www.ekoprodur.com\" \/>\n<meta property=\"article:modified_time\" content=\"2025-09-17T14:46:01+00:00\" \/>\n<meta property=\"og:image\" content=\"https:\/\/www.ekoprodur.com\/wp-content\/uploads\/2022\/01\/front-view-worker-construction-wearing-protection-gear.png\" \/>\n\t<meta property=\"og:image:width\" content=\"620\" \/>\n\t<meta property=\"og:image:height\" content=\"620\" \/>\n\t<meta property=\"og:image:type\" content=\"image\/png\" \/>\n<meta name=\"twitter:card\" content=\"summary_large_image\" \/>\n<meta name=\"twitter:label1\" content=\"Timp estimat pentru citire\" \/>\n\t<meta name=\"twitter:data1\" content=\"3 minute\" \/>\n<script type=\"application\/ld+json\" class=\"yoast-schema-graph\">{\"@context\":\"https:\\\/\\\/schema.org\",\"@graph\":[{\"@type\":\"WebPage\",\"@id\":\"https:\\\/\\\/www.ekoprodur.com\\\/ro\\\/despre-noi\\\/\",\"url\":\"https:\\\/\\\/www.ekoprodur.com\\\/ro\\\/despre-noi\\\/\",\"name\":\"Un furnizor dovedit de spume poliuretanice\",\"isPartOf\":{\"@id\":\"https:\\\/\\\/www.ekoprodur.com\\\/ro\\\/#website\"},\"primaryImageOfPage\":{\"@id\":\"https:\\\/\\\/www.ekoprodur.com\\\/ro\\\/despre-noi\\\/#primaryimage\"},\"image\":{\"@id\":\"https:\\\/\\\/www.ekoprodur.com\\\/ro\\\/despre-noi\\\/#primaryimage\"},\"thumbnailUrl\":\"https:\\\/\\\/www.ekoprodur.com\\\/wp-content\\\/uploads\\\/2022\\\/01\\\/front-view-worker-construction-wearing-protection-gear.png\",\"datePublished\":\"2022-01-04T08:30:38+00:00\",\"dateModified\":\"2025-09-17T14:46:01+00:00\",\"description\":\"Modbuild Supplies Limited a \u00eenceput \u00een 2021 cu scopul de a furniza o gam\u0103 de produse de izola\u021bie de \u00eenalt\u0103 calitate \u0219i eficien\u021b\u0103 energetic\u0103.\",\"breadcrumb\":{\"@id\":\"https:\\\/\\\/www.ekoprodur.com\\\/ro\\\/despre-noi\\\/#breadcrumb\"},\"inLanguage\":\"ro-RO\",\"potentialAction\":[{\"@type\":\"ReadAction\",\"target\":[\"https:\\\/\\\/www.ekoprodur.com\\\/ro\\\/despre-noi\\\/\"]}]},{\"@type\":\"ImageObject\",\"inLanguage\":\"ro-RO\",\"@id\":\"https:\\\/\\\/www.ekoprodur.com\\\/ro\\\/despre-noi\\\/#primaryimage\",\"url\":\"https:\\\/\\\/www.ekoprodur.com\\\/wp-content\\\/uploads\\\/2022\\\/01\\\/front-view-worker-construction-wearing-protection-gear.png\",\"contentUrl\":\"https:\\\/\\\/www.ekoprodur.com\\\/wp-content\\\/uploads\\\/2022\\\/01\\\/front-view-worker-construction-wearing-protection-gear.png\"},{\"@type\":\"BreadcrumbList\",\"@id\":\"https:\\\/\\\/www.ekoprodur.com\\\/ro\\\/despre-noi\\\/#breadcrumb\",\"itemListElement\":[{\"@type\":\"ListItem\",\"position\":1,\"name\":\"Strona g\u0142\u00f3wna\",\"item\":\"https:\\\/\\\/www.ekoprodur.com\\\/ro\\\/\"},{\"@type\":\"ListItem\",\"position\":2,\"name\":\"Despre noi\"}]},{\"@type\":\"WebSite\",\"@id\":\"https:\\\/\\\/www.ekoprodur.com\\\/ro\\\/#website\",\"url\":\"https:\\\/\\\/www.ekoprodur.com\\\/ro\\\/\",\"name\":\"www.ekoprodur.com\",\"description\":\"Spray foam insulation The most effective insulation for your home!\",\"publisher\":{\"@id\":\"https:\\\/\\\/www.ekoprodur.com\\\/ro\\\/#organization\"},\"potentialAction\":[{\"@type\":\"SearchAction\",\"target\":{\"@type\":\"EntryPoint\",\"urlTemplate\":\"https:\\\/\\\/www.ekoprodur.com\\\/ro\\\/?s={search_term_string}\"},\"query-input\":{\"@type\":\"PropertyValueSpecification\",\"valueRequired\":true,\"valueName\":\"search_term_string\"}}],\"inLanguage\":\"ro-RO\"},{\"@type\":\"Organization\",\"@id\":\"https:\\\/\\\/www.ekoprodur.com\\\/ro\\\/#organization\",\"name\":\"www.ekoprodur.com\",\"url\":\"https:\\\/\\\/www.ekoprodur.com\\\/ro\\\/\",\"logo\":{\"@type\":\"ImageObject\",\"inLanguage\":\"ro-RO\",\"@id\":\"https:\\\/\\\/www.ekoprodur.com\\\/ro\\\/#\\\/schema\\\/logo\\\/image\\\/\",\"url\":\"https:\\\/\\\/www.ekoprodur.com\\\/wp-content\\\/uploads\\\/2021\\\/12\\\/Logotype.png\",\"contentUrl\":\"https:\\\/\\\/www.ekoprodur.com\\\/wp-content\\\/uploads\\\/2021\\\/12\\\/Logotype.png\",\"width\":337,\"height\":120,\"caption\":\"www.ekoprodur.com\"},\"image\":{\"@id\":\"https:\\\/\\\/www.ekoprodur.com\\\/ro\\\/#\\\/schema\\\/logo\\\/image\\\/\"}}]}<\/script>\n<!-- \/ Yoast SEO plugin. -->","yoast_head_json":{"title":"Un furnizor dovedit de spume poliuretanice","description":"Modbuild Supplies Limited a \u00eenceput \u00een 2021 cu scopul de a furniza o gam\u0103 de produse de izola\u021bie de \u00eenalt\u0103 calitate \u0219i eficien\u021b\u0103 energetic\u0103.","robots":{"index":"index","follow":"follow","max-snippet":"max-snippet:-1","max-image-preview":"max-image-preview:large","max-video-preview":"max-video-preview:-1"},"canonical":"https:\/\/www.ekoprodur.com\/ro\/despre-noi\/","og_locale":"ro_RO","og_type":"article","og_title":"Un furnizor dovedit de spume poliuretanice","og_description":"Modbuild Supplies Limited a \u00eenceput \u00een 2021 cu scopul de a furniza o gam\u0103 de produse de izola\u021bie de \u00eenalt\u0103 calitate \u0219i eficien\u021b\u0103 energetic\u0103.","og_url":"https:\/\/www.ekoprodur.com\/ro\/despre-noi\/","og_site_name":"www.ekoprodur.com","article_modified_time":"2025-09-17T14:46:01+00:00","og_image":[{"width":620,"height":620,"url":"https:\/\/www.ekoprodur.com\/wp-content\/uploads\/2022\/01\/front-view-worker-construction-wearing-protection-gear.png","type":"image\/png"}],"twitter_card":"summary_large_image","twitter_misc":{"Timp estimat pentru citire":"3 minute"},"schema":{"@context":"https:\/\/schema.org","@graph":[{"@type":"WebPage","@id":"https:\/\/www.ekoprodur.com\/ro\/despre-noi\/","url":"https:\/\/www.ekoprodur.com\/ro\/despre-noi\/","name":"Un furnizor dovedit de spume poliuretanice","isPartOf":{"@id":"https:\/\/www.ekoprodur.com\/ro\/#website"},"primaryImageOfPage":{"@id":"https:\/\/www.ekoprodur.com\/ro\/despre-noi\/#primaryimage"},"image":{"@id":"https:\/\/www.ekoprodur.com\/ro\/despre-noi\/#primaryimage"},"thumbnailUrl":"https:\/\/www.ekoprodur.com\/wp-content\/uploads\/2022\/01\/front-view-worker-construction-wearing-protection-gear.png","datePublished":"2022-01-04T08:30:38+00:00","dateModified":"2025-09-17T14:46:01+00:00","description":"Modbuild Supplies Limited a \u00eenceput \u00een 2021 cu scopul de a furniza o gam\u0103 de produse de izola\u021bie de \u00eenalt\u0103 calitate \u0219i eficien\u021b\u0103 energetic\u0103.","breadcrumb":{"@id":"https:\/\/www.ekoprodur.com\/ro\/despre-noi\/#breadcrumb"},"inLanguage":"ro-RO","potentialAction":[{"@type":"ReadAction","target":["https:\/\/www.ekoprodur.com\/ro\/despre-noi\/"]}]},{"@type":"ImageObject","inLanguage":"ro-RO","@id":"https:\/\/www.ekoprodur.com\/ro\/despre-noi\/#primaryimage","url":"https:\/\/www.ekoprodur.com\/wp-content\/uploads\/2022\/01\/front-view-worker-construction-wearing-protection-gear.png","contentUrl":"https:\/\/www.ekoprodur.com\/wp-content\/uploads\/2022\/01\/front-view-worker-construction-wearing-protection-gear.png"},{"@type":"BreadcrumbList","@id":"https:\/\/www.ekoprodur.com\/ro\/despre-noi\/#breadcrumb","itemListElement":[{"@type":"ListItem","position":1,"name":"Strona g\u0142\u00f3wna","item":"https:\/\/www.ekoprodur.com\/ro\/"},{"@type":"ListItem","position":2,"name":"Despre noi"}]},{"@type":"WebSite","@id":"https:\/\/www.ekoprodur.com\/ro\/#website","url":"https:\/\/www.ekoprodur.com\/ro\/","name":"www.ekoprodur.com","description":"Spray foam insulation The most effective insulation for your home!","publisher":{"@id":"https:\/\/www.ekoprodur.com\/ro\/#organization"},"potentialAction":[{"@type":"SearchAction","target":{"@type":"EntryPoint","urlTemplate":"https:\/\/www.ekoprodur.com\/ro\/?s={search_term_string}"},"query-input":{"@type":"PropertyValueSpecification","valueRequired":true,"valueName":"search_term_string"}}],"inLanguage":"ro-RO"},{"@type":"Organization","@id":"https:\/\/www.ekoprodur.com\/ro\/#organization","name":"www.ekoprodur.com","url":"https:\/\/www.ekoprodur.com\/ro\/","logo":{"@type":"ImageObject","inLanguage":"ro-RO","@id":"https:\/\/www.ekoprodur.com\/ro\/#\/schema\/logo\/image\/","url":"https:\/\/www.ekoprodur.com\/wp-content\/uploads\/2021\/12\/Logotype.png","contentUrl":"https:\/\/www.ekoprodur.com\/wp-content\/uploads\/2021\/12\/Logotype.png","width":337,"height":120,"caption":"www.ekoprodur.com"},"image":{"@id":"https:\/\/www.ekoprodur.com\/ro\/#\/schema\/logo\/image\/"}}]}},"_links":{"self":[{"href":"https:\/\/www.ekoprodur.com\/ro\/wp-json\/wp\/v2\/pages\/2579","targetHints":{"allow":["GET"]}}],"collection":[{"href":"https:\/\/www.ekoprodur.com\/ro\/wp-json\/wp\/v2\/pages"}],"about":[{"href":"https:\/\/www.ekoprodur.com\/ro\/wp-json\/wp\/v2\/types\/page"}],"author":[{"embeddable":true,"href":"https:\/\/www.ekoprodur.com\/ro\/wp-json\/wp\/v2\/users\/1"}],"replies":[{"embeddable":true,"href":"https:\/\/www.ekoprodur.com\/ro\/wp-json\/wp\/v2\/comments?post=2579"}],"version-history":[{"count":14,"href":"https:\/\/www.ekoprodur.com\/ro\/wp-json\/wp\/v2\/pages\/2579\/revisions"}],"predecessor-version":[{"id":5745,"href":"https:\/\/www.ekoprodur.com\/ro\/wp-json\/wp\/v2\/pages\/2579\/revisions\/5745"}],"wp:attachment":[{"href":"https:\/\/www.ekoprodur.com\/ro\/wp-json\/wp\/v2\/media?parent=2579"}],"curies":[{"name":"wp","href":"https:\/\/api.w.org\/{rel}","templated":true}]}}