{"id":3763,"date":"2024-06-17T16:35:04","date_gmt":"2024-06-17T14:35:04","guid":{"rendered":"https:\/\/www.ekoprodur.com\/product\/ekoprodur-s11e-max\/"},"modified":"2024-06-17T16:35:04","modified_gmt":"2024-06-17T14:35:04","slug":"ekoprodur-s11e-max","status":"publish","type":"product","link":"https:\/\/www.ekoprodur.com\/nl\/product\/ekoprodur-s11e-max\/","title":{"rendered":"Ekoprodur S11E-MAX"},"content":{"rendered":"<p>Ekoprodur S11E-MAX is een tweecomponentensysteem dat is ontworpen om halfstijf opencellig schuim met zelfdovende eigenschappen te produceren.<br \/>\nHet wordt veel gebruikt in de bouw als thermische en akoestische isolatie in residenti\u00eble, commerci\u00eble en industri\u00eble gebouwen.<\/p>\n","protected":false},"featured_media":1633,"template":"","class_list":["post-3763","product","type-product","status-publish","has-post-thumbnail","hentry"],"acf":[],"yoast_head":"<!-- This site is optimized with the Yoast SEO plugin v27.3 - https:\/\/yoast.com\/product\/yoast-seo-wordpress\/ -->\n<title>Ekoprodur S11E-MAX - www.ekoprodur.com<\/title>\n<meta name=\"robots\" content=\"index, follow, max-snippet:-1, max-image-preview:large, max-video-preview:-1\" \/>\n<link rel=\"canonical\" href=\"https:\/\/www.ekoprodur.com\/nl\/product\/ekoprodur-s11e-max\/\" \/>\n<meta property=\"og:locale\" content=\"nl_NL\" \/>\n<meta property=\"og:type\" content=\"article\" \/>\n<meta property=\"og:title\" content=\"Ekoprodur S11E-MAX - www.ekoprodur.com\" \/>\n<meta property=\"og:description\" content=\"Ekoprodur S11E-MAX is een tweecomponentensysteem dat is ontworpen om halfstijf opencellig schuim met zelfdovende eigenschappen te produceren. Het wordt veel gebruikt in de bouw als thermische en akoestische isolatie in residenti\u00eble, commerci\u00eble en industri\u00eble gebouwen.\" \/>\n<meta property=\"og:url\" content=\"https:\/\/www.ekoprodur.com\/nl\/product\/ekoprodur-s11e-max\/\" \/>\n<meta property=\"og:site_name\" content=\"www.ekoprodur.com\" \/>\n<meta name=\"twitter:card\" content=\"summary_large_image\" \/>\n<script type=\"application\/ld+json\" class=\"yoast-schema-graph\">{\"@context\":\"https:\\\/\\\/schema.org\",\"@graph\":[{\"@type\":\"WebPage\",\"@id\":\"https:\\\/\\\/www.ekoprodur.com\\\/nl\\\/product\\\/ekoprodur-s11e-max\\\/\",\"url\":\"https:\\\/\\\/www.ekoprodur.com\\\/nl\\\/product\\\/ekoprodur-s11e-max\\\/\",\"name\":\"Ekoprodur S11E-MAX - www.ekoprodur.com\",\"isPartOf\":{\"@id\":\"https:\\\/\\\/www.ekoprodur.com\\\/nl\\\/#website\"},\"primaryImageOfPage\":{\"@id\":\"https:\\\/\\\/www.ekoprodur.com\\\/nl\\\/product\\\/ekoprodur-s11e-max\\\/#primaryimage\"},\"image\":{\"@id\":\"https:\\\/\\\/www.ekoprodur.com\\\/nl\\\/product\\\/ekoprodur-s11e-max\\\/#primaryimage\"},\"thumbnailUrl\":\"https:\\\/\\\/www.ekoprodur.com\\\/wp-content\\\/uploads\\\/2022\\\/02\\\/S0310_S310E.png\",\"datePublished\":\"2024-06-17T14:35:04+00:00\",\"breadcrumb\":{\"@id\":\"https:\\\/\\\/www.ekoprodur.com\\\/nl\\\/product\\\/ekoprodur-s11e-max\\\/#breadcrumb\"},\"inLanguage\":\"nl-NL\",\"potentialAction\":[{\"@type\":\"ReadAction\",\"target\":[\"https:\\\/\\\/www.ekoprodur.com\\\/nl\\\/product\\\/ekoprodur-s11e-max\\\/\"]}]},{\"@type\":\"ImageObject\",\"inLanguage\":\"nl-NL\",\"@id\":\"https:\\\/\\\/www.ekoprodur.com\\\/nl\\\/product\\\/ekoprodur-s11e-max\\\/#primaryimage\",\"url\":\"https:\\\/\\\/www.ekoprodur.com\\\/wp-content\\\/uploads\\\/2022\\\/02\\\/S0310_S310E.png\",\"contentUrl\":\"https:\\\/\\\/www.ekoprodur.com\\\/wp-content\\\/uploads\\\/2022\\\/02\\\/S0310_S310E.png\",\"width\":617,\"height\":415},{\"@type\":\"BreadcrumbList\",\"@id\":\"https:\\\/\\\/www.ekoprodur.com\\\/nl\\\/product\\\/ekoprodur-s11e-max\\\/#breadcrumb\",\"itemListElement\":[{\"@type\":\"ListItem\",\"position\":1,\"name\":\"Strona g\u0142\u00f3wna\",\"item\":\"https:\\\/\\\/www.ekoprodur.com\\\/nl\\\/\"},{\"@type\":\"ListItem\",\"position\":2,\"name\":\"Ekoprodur S11E-MAX\"}]},{\"@type\":\"WebSite\",\"@id\":\"https:\\\/\\\/www.ekoprodur.com\\\/nl\\\/#website\",\"url\":\"https:\\\/\\\/www.ekoprodur.com\\\/nl\\\/\",\"name\":\"www.ekoprodur.com\",\"description\":\"Spray foam insulation The most effective insulation for your home!\",\"publisher\":{\"@id\":\"https:\\\/\\\/www.ekoprodur.com\\\/nl\\\/#organization\"},\"potentialAction\":[{\"@type\":\"SearchAction\",\"target\":{\"@type\":\"EntryPoint\",\"urlTemplate\":\"https:\\\/\\\/www.ekoprodur.com\\\/nl\\\/?s={search_term_string}\"},\"query-input\":{\"@type\":\"PropertyValueSpecification\",\"valueRequired\":true,\"valueName\":\"search_term_string\"}}],\"inLanguage\":\"nl-NL\"},{\"@type\":\"Organization\",\"@id\":\"https:\\\/\\\/www.ekoprodur.com\\\/nl\\\/#organization\",\"name\":\"www.ekoprodur.com\",\"url\":\"https:\\\/\\\/www.ekoprodur.com\\\/nl\\\/\",\"logo\":{\"@type\":\"ImageObject\",\"inLanguage\":\"nl-NL\",\"@id\":\"https:\\\/\\\/www.ekoprodur.com\\\/nl\\\/#\\\/schema\\\/logo\\\/image\\\/\",\"url\":\"https:\\\/\\\/www.ekoprodur.com\\\/wp-content\\\/uploads\\\/2021\\\/12\\\/Logotype.png\",\"contentUrl\":\"https:\\\/\\\/www.ekoprodur.com\\\/wp-content\\\/uploads\\\/2021\\\/12\\\/Logotype.png\",\"width\":337,\"height\":120,\"caption\":\"www.ekoprodur.com\"},\"image\":{\"@id\":\"https:\\\/\\\/www.ekoprodur.com\\\/nl\\\/#\\\/schema\\\/logo\\\/image\\\/\"}}]}<\/script>\n<!-- \/ Yoast SEO plugin. -->","yoast_head_json":{"title":"Ekoprodur S11E-MAX - www.ekoprodur.com","robots":{"index":"index","follow":"follow","max-snippet":"max-snippet:-1","max-image-preview":"max-image-preview:large","max-video-preview":"max-video-preview:-1"},"canonical":"https:\/\/www.ekoprodur.com\/nl\/product\/ekoprodur-s11e-max\/","og_locale":"nl_NL","og_type":"article","og_title":"Ekoprodur S11E-MAX - www.ekoprodur.com","og_description":"Ekoprodur S11E-MAX is een tweecomponentensysteem dat is ontworpen om halfstijf opencellig schuim met zelfdovende eigenschappen te produceren. Het wordt veel gebruikt in de bouw als thermische en akoestische isolatie in residenti\u00eble, commerci\u00eble en industri\u00eble gebouwen.","og_url":"https:\/\/www.ekoprodur.com\/nl\/product\/ekoprodur-s11e-max\/","og_site_name":"www.ekoprodur.com","twitter_card":"summary_large_image","schema":{"@context":"https:\/\/schema.org","@graph":[{"@type":"WebPage","@id":"https:\/\/www.ekoprodur.com\/nl\/product\/ekoprodur-s11e-max\/","url":"https:\/\/www.ekoprodur.com\/nl\/product\/ekoprodur-s11e-max\/","name":"Ekoprodur S11E-MAX - www.ekoprodur.com","isPartOf":{"@id":"https:\/\/www.ekoprodur.com\/nl\/#website"},"primaryImageOfPage":{"@id":"https:\/\/www.ekoprodur.com\/nl\/product\/ekoprodur-s11e-max\/#primaryimage"},"image":{"@id":"https:\/\/www.ekoprodur.com\/nl\/product\/ekoprodur-s11e-max\/#primaryimage"},"thumbnailUrl":"https:\/\/www.ekoprodur.com\/wp-content\/uploads\/2022\/02\/S0310_S310E.png","datePublished":"2024-06-17T14:35:04+00:00","breadcrumb":{"@id":"https:\/\/www.ekoprodur.com\/nl\/product\/ekoprodur-s11e-max\/#breadcrumb"},"inLanguage":"nl-NL","potentialAction":[{"@type":"ReadAction","target":["https:\/\/www.ekoprodur.com\/nl\/product\/ekoprodur-s11e-max\/"]}]},{"@type":"ImageObject","inLanguage":"nl-NL","@id":"https:\/\/www.ekoprodur.com\/nl\/product\/ekoprodur-s11e-max\/#primaryimage","url":"https:\/\/www.ekoprodur.com\/wp-content\/uploads\/2022\/02\/S0310_S310E.png","contentUrl":"https:\/\/www.ekoprodur.com\/wp-content\/uploads\/2022\/02\/S0310_S310E.png","width":617,"height":415},{"@type":"BreadcrumbList","@id":"https:\/\/www.ekoprodur.com\/nl\/product\/ekoprodur-s11e-max\/#breadcrumb","itemListElement":[{"@type":"ListItem","position":1,"name":"Strona g\u0142\u00f3wna","item":"https:\/\/www.ekoprodur.com\/nl\/"},{"@type":"ListItem","position":2,"name":"Ekoprodur S11E-MAX"}]},{"@type":"WebSite","@id":"https:\/\/www.ekoprodur.com\/nl\/#website","url":"https:\/\/www.ekoprodur.com\/nl\/","name":"www.ekoprodur.com","description":"Spray foam insulation The most effective insulation for your home!","publisher":{"@id":"https:\/\/www.ekoprodur.com\/nl\/#organization"},"potentialAction":[{"@type":"SearchAction","target":{"@type":"EntryPoint","urlTemplate":"https:\/\/www.ekoprodur.com\/nl\/?s={search_term_string}"},"query-input":{"@type":"PropertyValueSpecification","valueRequired":true,"valueName":"search_term_string"}}],"inLanguage":"nl-NL"},{"@type":"Organization","@id":"https:\/\/www.ekoprodur.com\/nl\/#organization","name":"www.ekoprodur.com","url":"https:\/\/www.ekoprodur.com\/nl\/","logo":{"@type":"ImageObject","inLanguage":"nl-NL","@id":"https:\/\/www.ekoprodur.com\/nl\/#\/schema\/logo\/image\/","url":"https:\/\/www.ekoprodur.com\/wp-content\/uploads\/2021\/12\/Logotype.png","contentUrl":"https:\/\/www.ekoprodur.com\/wp-content\/uploads\/2021\/12\/Logotype.png","width":337,"height":120,"caption":"www.ekoprodur.com"},"image":{"@id":"https:\/\/www.ekoprodur.com\/nl\/#\/schema\/logo\/image\/"}}]}},"_links":{"self":[{"href":"https:\/\/www.ekoprodur.com\/nl\/wp-json\/wp\/v2\/product\/3763","targetHints":{"allow":["GET"]}}],"collection":[{"href":"https:\/\/www.ekoprodur.com\/nl\/wp-json\/wp\/v2\/product"}],"about":[{"href":"https:\/\/www.ekoprodur.com\/nl\/wp-json\/wp\/v2\/types\/product"}],"wp:featuredmedia":[{"embeddable":true,"href":"https:\/\/www.ekoprodur.com\/nl\/wp-json\/wp\/v2\/media\/1633"}],"wp:attachment":[{"href":"https:\/\/www.ekoprodur.com\/nl\/wp-json\/wp\/v2\/media?parent=3763"}],"curies":[{"name":"wp","href":"https:\/\/api.w.org\/{rel}","templated":true}]}}