{"id":3759,"date":"2024-06-17T16:23:44","date_gmt":"2024-06-17T14:23:44","guid":{"rendered":"https:\/\/www.ekoprodur.com\/product\/ekoprodur-s10-hp\/"},"modified":"2024-06-18T09:05:55","modified_gmt":"2024-06-18T07:05:55","slug":"ekoprodur-s10-hp","status":"publish","type":"product","link":"https:\/\/www.ekoprodur.com\/nl\/product\/ekoprodur-s10-hp\/","title":{"rendered":"Ekoprodur S10 HP"},"content":{"rendered":"<p>Ekoprodur S10 HP is een tweecomponentensysteem dat is ontworpen om halfstijf opencellig schuim te produceren.<br \/>\nHet wordt veel gebruikt in de bouw als thermische en akoestische isolatie in residenti\u00eble, commerci\u00eble en industri\u00eble gebouwen.<\/p>\n","protected":false},"featured_media":1633,"template":"","class_list":["post-3759","product","type-product","status-publish","has-post-thumbnail","hentry"],"acf":[],"yoast_head":"<!-- This site is optimized with the Yoast SEO plugin v27.3 - https:\/\/yoast.com\/product\/yoast-seo-wordpress\/ -->\n<title>Ekoprodur S10 HP - www.ekoprodur.com<\/title>\n<meta name=\"robots\" content=\"index, follow, max-snippet:-1, max-image-preview:large, max-video-preview:-1\" \/>\n<link rel=\"canonical\" href=\"https:\/\/www.ekoprodur.com\/nl\/product\/ekoprodur-s10-hp\/\" \/>\n<meta property=\"og:locale\" content=\"nl_NL\" \/>\n<meta property=\"og:type\" content=\"article\" \/>\n<meta property=\"og:title\" content=\"Ekoprodur S10 HP - www.ekoprodur.com\" \/>\n<meta property=\"og:description\" content=\"Ekoprodur S10 HP is een tweecomponentensysteem dat is ontworpen om halfstijf opencellig schuim te produceren. Het wordt veel gebruikt in de bouw als thermische en akoestische isolatie in residenti\u00eble, commerci\u00eble en industri\u00eble gebouwen.\" \/>\n<meta property=\"og:url\" content=\"https:\/\/www.ekoprodur.com\/nl\/product\/ekoprodur-s10-hp\/\" \/>\n<meta property=\"og:site_name\" content=\"www.ekoprodur.com\" \/>\n<meta property=\"article:modified_time\" content=\"2024-06-18T07:05:55+00:00\" \/>\n<meta property=\"og:image\" content=\"https:\/\/www.ekoprodur.com\/wp-content\/uploads\/2022\/02\/S0310_S310E.png\" \/>\n\t<meta property=\"og:image:width\" content=\"617\" \/>\n\t<meta property=\"og:image:height\" content=\"415\" \/>\n\t<meta property=\"og:image:type\" content=\"image\/png\" \/>\n<meta name=\"twitter:card\" content=\"summary_large_image\" \/>\n<script type=\"application\/ld+json\" class=\"yoast-schema-graph\">{\"@context\":\"https:\\\/\\\/schema.org\",\"@graph\":[{\"@type\":\"WebPage\",\"@id\":\"https:\\\/\\\/www.ekoprodur.com\\\/nl\\\/product\\\/ekoprodur-s10-hp\\\/\",\"url\":\"https:\\\/\\\/www.ekoprodur.com\\\/nl\\\/product\\\/ekoprodur-s10-hp\\\/\",\"name\":\"Ekoprodur S10 HP - www.ekoprodur.com\",\"isPartOf\":{\"@id\":\"https:\\\/\\\/www.ekoprodur.com\\\/nl\\\/#website\"},\"primaryImageOfPage\":{\"@id\":\"https:\\\/\\\/www.ekoprodur.com\\\/nl\\\/product\\\/ekoprodur-s10-hp\\\/#primaryimage\"},\"image\":{\"@id\":\"https:\\\/\\\/www.ekoprodur.com\\\/nl\\\/product\\\/ekoprodur-s10-hp\\\/#primaryimage\"},\"thumbnailUrl\":\"https:\\\/\\\/www.ekoprodur.com\\\/wp-content\\\/uploads\\\/2022\\\/02\\\/S0310_S310E.png\",\"datePublished\":\"2024-06-17T14:23:44+00:00\",\"dateModified\":\"2024-06-18T07:05:55+00:00\",\"breadcrumb\":{\"@id\":\"https:\\\/\\\/www.ekoprodur.com\\\/nl\\\/product\\\/ekoprodur-s10-hp\\\/#breadcrumb\"},\"inLanguage\":\"nl-NL\",\"potentialAction\":[{\"@type\":\"ReadAction\",\"target\":[\"https:\\\/\\\/www.ekoprodur.com\\\/nl\\\/product\\\/ekoprodur-s10-hp\\\/\"]}]},{\"@type\":\"ImageObject\",\"inLanguage\":\"nl-NL\",\"@id\":\"https:\\\/\\\/www.ekoprodur.com\\\/nl\\\/product\\\/ekoprodur-s10-hp\\\/#primaryimage\",\"url\":\"https:\\\/\\\/www.ekoprodur.com\\\/wp-content\\\/uploads\\\/2022\\\/02\\\/S0310_S310E.png\",\"contentUrl\":\"https:\\\/\\\/www.ekoprodur.com\\\/wp-content\\\/uploads\\\/2022\\\/02\\\/S0310_S310E.png\",\"width\":617,\"height\":415},{\"@type\":\"BreadcrumbList\",\"@id\":\"https:\\\/\\\/www.ekoprodur.com\\\/nl\\\/product\\\/ekoprodur-s10-hp\\\/#breadcrumb\",\"itemListElement\":[{\"@type\":\"ListItem\",\"position\":1,\"name\":\"Strona g\u0142\u00f3wna\",\"item\":\"https:\\\/\\\/www.ekoprodur.com\\\/nl\\\/\"},{\"@type\":\"ListItem\",\"position\":2,\"name\":\"Ekoprodur S10 HP\"}]},{\"@type\":\"WebSite\",\"@id\":\"https:\\\/\\\/www.ekoprodur.com\\\/nl\\\/#website\",\"url\":\"https:\\\/\\\/www.ekoprodur.com\\\/nl\\\/\",\"name\":\"www.ekoprodur.com\",\"description\":\"Spray foam insulation The most effective insulation for your home!\",\"publisher\":{\"@id\":\"https:\\\/\\\/www.ekoprodur.com\\\/nl\\\/#organization\"},\"potentialAction\":[{\"@type\":\"SearchAction\",\"target\":{\"@type\":\"EntryPoint\",\"urlTemplate\":\"https:\\\/\\\/www.ekoprodur.com\\\/nl\\\/?s={search_term_string}\"},\"query-input\":{\"@type\":\"PropertyValueSpecification\",\"valueRequired\":true,\"valueName\":\"search_term_string\"}}],\"inLanguage\":\"nl-NL\"},{\"@type\":\"Organization\",\"@id\":\"https:\\\/\\\/www.ekoprodur.com\\\/nl\\\/#organization\",\"name\":\"www.ekoprodur.com\",\"url\":\"https:\\\/\\\/www.ekoprodur.com\\\/nl\\\/\",\"logo\":{\"@type\":\"ImageObject\",\"inLanguage\":\"nl-NL\",\"@id\":\"https:\\\/\\\/www.ekoprodur.com\\\/nl\\\/#\\\/schema\\\/logo\\\/image\\\/\",\"url\":\"https:\\\/\\\/www.ekoprodur.com\\\/wp-content\\\/uploads\\\/2021\\\/12\\\/Logotype.png\",\"contentUrl\":\"https:\\\/\\\/www.ekoprodur.com\\\/wp-content\\\/uploads\\\/2021\\\/12\\\/Logotype.png\",\"width\":337,\"height\":120,\"caption\":\"www.ekoprodur.com\"},\"image\":{\"@id\":\"https:\\\/\\\/www.ekoprodur.com\\\/nl\\\/#\\\/schema\\\/logo\\\/image\\\/\"}}]}<\/script>\n<!-- \/ Yoast SEO plugin. -->","yoast_head_json":{"title":"Ekoprodur S10 HP - www.ekoprodur.com","robots":{"index":"index","follow":"follow","max-snippet":"max-snippet:-1","max-image-preview":"max-image-preview:large","max-video-preview":"max-video-preview:-1"},"canonical":"https:\/\/www.ekoprodur.com\/nl\/product\/ekoprodur-s10-hp\/","og_locale":"nl_NL","og_type":"article","og_title":"Ekoprodur S10 HP - www.ekoprodur.com","og_description":"Ekoprodur S10 HP is een tweecomponentensysteem dat is ontworpen om halfstijf opencellig schuim te produceren. Het wordt veel gebruikt in de bouw als thermische en akoestische isolatie in residenti\u00eble, commerci\u00eble en industri\u00eble gebouwen.","og_url":"https:\/\/www.ekoprodur.com\/nl\/product\/ekoprodur-s10-hp\/","og_site_name":"www.ekoprodur.com","article_modified_time":"2024-06-18T07:05:55+00:00","og_image":[{"width":617,"height":415,"url":"https:\/\/www.ekoprodur.com\/wp-content\/uploads\/2022\/02\/S0310_S310E.png","type":"image\/png"}],"twitter_card":"summary_large_image","schema":{"@context":"https:\/\/schema.org","@graph":[{"@type":"WebPage","@id":"https:\/\/www.ekoprodur.com\/nl\/product\/ekoprodur-s10-hp\/","url":"https:\/\/www.ekoprodur.com\/nl\/product\/ekoprodur-s10-hp\/","name":"Ekoprodur S10 HP - www.ekoprodur.com","isPartOf":{"@id":"https:\/\/www.ekoprodur.com\/nl\/#website"},"primaryImageOfPage":{"@id":"https:\/\/www.ekoprodur.com\/nl\/product\/ekoprodur-s10-hp\/#primaryimage"},"image":{"@id":"https:\/\/www.ekoprodur.com\/nl\/product\/ekoprodur-s10-hp\/#primaryimage"},"thumbnailUrl":"https:\/\/www.ekoprodur.com\/wp-content\/uploads\/2022\/02\/S0310_S310E.png","datePublished":"2024-06-17T14:23:44+00:00","dateModified":"2024-06-18T07:05:55+00:00","breadcrumb":{"@id":"https:\/\/www.ekoprodur.com\/nl\/product\/ekoprodur-s10-hp\/#breadcrumb"},"inLanguage":"nl-NL","potentialAction":[{"@type":"ReadAction","target":["https:\/\/www.ekoprodur.com\/nl\/product\/ekoprodur-s10-hp\/"]}]},{"@type":"ImageObject","inLanguage":"nl-NL","@id":"https:\/\/www.ekoprodur.com\/nl\/product\/ekoprodur-s10-hp\/#primaryimage","url":"https:\/\/www.ekoprodur.com\/wp-content\/uploads\/2022\/02\/S0310_S310E.png","contentUrl":"https:\/\/www.ekoprodur.com\/wp-content\/uploads\/2022\/02\/S0310_S310E.png","width":617,"height":415},{"@type":"BreadcrumbList","@id":"https:\/\/www.ekoprodur.com\/nl\/product\/ekoprodur-s10-hp\/#breadcrumb","itemListElement":[{"@type":"ListItem","position":1,"name":"Strona g\u0142\u00f3wna","item":"https:\/\/www.ekoprodur.com\/nl\/"},{"@type":"ListItem","position":2,"name":"Ekoprodur S10 HP"}]},{"@type":"WebSite","@id":"https:\/\/www.ekoprodur.com\/nl\/#website","url":"https:\/\/www.ekoprodur.com\/nl\/","name":"www.ekoprodur.com","description":"Spray foam insulation The most effective insulation for your home!","publisher":{"@id":"https:\/\/www.ekoprodur.com\/nl\/#organization"},"potentialAction":[{"@type":"SearchAction","target":{"@type":"EntryPoint","urlTemplate":"https:\/\/www.ekoprodur.com\/nl\/?s={search_term_string}"},"query-input":{"@type":"PropertyValueSpecification","valueRequired":true,"valueName":"search_term_string"}}],"inLanguage":"nl-NL"},{"@type":"Organization","@id":"https:\/\/www.ekoprodur.com\/nl\/#organization","name":"www.ekoprodur.com","url":"https:\/\/www.ekoprodur.com\/nl\/","logo":{"@type":"ImageObject","inLanguage":"nl-NL","@id":"https:\/\/www.ekoprodur.com\/nl\/#\/schema\/logo\/image\/","url":"https:\/\/www.ekoprodur.com\/wp-content\/uploads\/2021\/12\/Logotype.png","contentUrl":"https:\/\/www.ekoprodur.com\/wp-content\/uploads\/2021\/12\/Logotype.png","width":337,"height":120,"caption":"www.ekoprodur.com"},"image":{"@id":"https:\/\/www.ekoprodur.com\/nl\/#\/schema\/logo\/image\/"}}]}},"_links":{"self":[{"href":"https:\/\/www.ekoprodur.com\/nl\/wp-json\/wp\/v2\/product\/3759","targetHints":{"allow":["GET"]}}],"collection":[{"href":"https:\/\/www.ekoprodur.com\/nl\/wp-json\/wp\/v2\/product"}],"about":[{"href":"https:\/\/www.ekoprodur.com\/nl\/wp-json\/wp\/v2\/types\/product"}],"wp:featuredmedia":[{"embeddable":true,"href":"https:\/\/www.ekoprodur.com\/nl\/wp-json\/wp\/v2\/media\/1633"}],"wp:attachment":[{"href":"https:\/\/www.ekoprodur.com\/nl\/wp-json\/wp\/v2\/media?parent=3759"}],"curies":[{"name":"wp","href":"https:\/\/api.w.org\/{rel}","templated":true}]}}