{"id":1907,"date":"2021-12-20T10:11:09","date_gmt":"2021-12-20T09:11:09","guid":{"rendered":"https:\/\/www.ekoprodur.com\/product\/ekoprodur-s0540\/"},"modified":"2023-07-11T14:25:50","modified_gmt":"2023-07-11T12:25:50","slug":"ekoprodur-s0541","status":"publish","type":"product","link":"https:\/\/www.ekoprodur.com\/de\/product\/ekoprodur-s0541\/","title":{"rendered":"Ekoprodur S0541"},"content":{"rendered":"<p>Ekoprodur S0541 ist ein Zweikomponentensystem zur Herstellung von geschlossenzelligem Hartschaum mit selbstverl\u00f6schenden Eigenschaften. Die hervorragenden Isoliereigenschaften des Schaums wurden durch die Verwendung von HFO erreicht \u2013 einem Schaumbildner der vierten Generation aus der Gruppe der Hydrofluorolefine mit einem niedrigen Treibhauseffektpotenzial (GWP = 1) und einem ozonsch\u00e4digenden Potenzial von Null (ODP = 0). Wird haupts\u00e4chlich als externer Schaum verwendet D\u00e4mmung und zur Abdichtung von Flachd\u00e4chern.<\/p>\n","protected":false},"featured_media":1640,"template":"","class_list":["post-1907","product","type-product","status-publish","has-post-thumbnail","hentry"],"acf":[],"yoast_head":"<!-- This site is optimized with the Yoast SEO plugin v27.3 - https:\/\/yoast.com\/product\/yoast-seo-wordpress\/ -->\n<title>Ekoprodur S0541 - www.ekoprodur.com<\/title>\n<meta name=\"robots\" content=\"index, follow, max-snippet:-1, max-image-preview:large, max-video-preview:-1\" \/>\n<link rel=\"canonical\" href=\"https:\/\/www.ekoprodur.com\/de\/product\/ekoprodur-s0541\/\" \/>\n<meta property=\"og:locale\" content=\"de_DE\" \/>\n<meta property=\"og:type\" content=\"article\" \/>\n<meta property=\"og:title\" content=\"Ekoprodur S0541 - www.ekoprodur.com\" \/>\n<meta property=\"og:description\" content=\"Ekoprodur S0541 ist ein Zweikomponentensystem zur Herstellung von geschlossenzelligem Hartschaum mit selbstverl\u00f6schenden Eigenschaften. Die hervorragenden Isoliereigenschaften des Schaums wurden durch die Verwendung von HFO erreicht \u2013 einem Schaumbildner der vierten Generation aus der Gruppe der Hydrofluorolefine mit einem niedrigen Treibhauseffektpotenzial (GWP = 1) und einem ozonsch\u00e4digenden Potenzial von Null (ODP = 0). Wird haupts\u00e4chlich als [&hellip;]\" \/>\n<meta property=\"og:url\" content=\"https:\/\/www.ekoprodur.com\/de\/product\/ekoprodur-s0541\/\" \/>\n<meta property=\"og:site_name\" content=\"www.ekoprodur.com\" \/>\n<meta property=\"article:modified_time\" content=\"2023-07-11T12:25:50+00:00\" \/>\n<meta property=\"og:image\" content=\"https:\/\/www.ekoprodur.com\/wp-content\/uploads\/2021\/12\/S540.png\" \/>\n\t<meta property=\"og:image:width\" content=\"617\" \/>\n\t<meta property=\"og:image:height\" content=\"415\" \/>\n\t<meta property=\"og:image:type\" content=\"image\/png\" \/>\n<meta name=\"twitter:card\" content=\"summary_large_image\" \/>\n<script type=\"application\/ld+json\" class=\"yoast-schema-graph\">{\"@context\":\"https:\\\/\\\/schema.org\",\"@graph\":[{\"@type\":\"WebPage\",\"@id\":\"https:\\\/\\\/www.ekoprodur.com\\\/de\\\/product\\\/ekoprodur-s0541\\\/\",\"url\":\"https:\\\/\\\/www.ekoprodur.com\\\/de\\\/product\\\/ekoprodur-s0541\\\/\",\"name\":\"Ekoprodur S0541 - www.ekoprodur.com\",\"isPartOf\":{\"@id\":\"https:\\\/\\\/www.ekoprodur.com\\\/de\\\/#website\"},\"primaryImageOfPage\":{\"@id\":\"https:\\\/\\\/www.ekoprodur.com\\\/de\\\/product\\\/ekoprodur-s0541\\\/#primaryimage\"},\"image\":{\"@id\":\"https:\\\/\\\/www.ekoprodur.com\\\/de\\\/product\\\/ekoprodur-s0541\\\/#primaryimage\"},\"thumbnailUrl\":\"https:\\\/\\\/www.ekoprodur.com\\\/wp-content\\\/uploads\\\/2021\\\/12\\\/S540.png\",\"datePublished\":\"2021-12-20T09:11:09+00:00\",\"dateModified\":\"2023-07-11T12:25:50+00:00\",\"breadcrumb\":{\"@id\":\"https:\\\/\\\/www.ekoprodur.com\\\/de\\\/product\\\/ekoprodur-s0541\\\/#breadcrumb\"},\"inLanguage\":\"de\",\"potentialAction\":[{\"@type\":\"ReadAction\",\"target\":[\"https:\\\/\\\/www.ekoprodur.com\\\/de\\\/product\\\/ekoprodur-s0541\\\/\"]}]},{\"@type\":\"ImageObject\",\"inLanguage\":\"de\",\"@id\":\"https:\\\/\\\/www.ekoprodur.com\\\/de\\\/product\\\/ekoprodur-s0541\\\/#primaryimage\",\"url\":\"https:\\\/\\\/www.ekoprodur.com\\\/wp-content\\\/uploads\\\/2021\\\/12\\\/S540.png\",\"contentUrl\":\"https:\\\/\\\/www.ekoprodur.com\\\/wp-content\\\/uploads\\\/2021\\\/12\\\/S540.png\",\"width\":617,\"height\":415},{\"@type\":\"BreadcrumbList\",\"@id\":\"https:\\\/\\\/www.ekoprodur.com\\\/de\\\/product\\\/ekoprodur-s0541\\\/#breadcrumb\",\"itemListElement\":[{\"@type\":\"ListItem\",\"position\":1,\"name\":\"Strona g\u0142\u00f3wna\",\"item\":\"https:\\\/\\\/www.ekoprodur.com\\\/de\\\/\"},{\"@type\":\"ListItem\",\"position\":2,\"name\":\"Ekoprodur S0541\"}]},{\"@type\":\"WebSite\",\"@id\":\"https:\\\/\\\/www.ekoprodur.com\\\/de\\\/#website\",\"url\":\"https:\\\/\\\/www.ekoprodur.com\\\/de\\\/\",\"name\":\"www.ekoprodur.com\",\"description\":\"Spray foam insulation The most effective insulation for your home!\",\"publisher\":{\"@id\":\"https:\\\/\\\/www.ekoprodur.com\\\/de\\\/#organization\"},\"potentialAction\":[{\"@type\":\"SearchAction\",\"target\":{\"@type\":\"EntryPoint\",\"urlTemplate\":\"https:\\\/\\\/www.ekoprodur.com\\\/de\\\/?s={search_term_string}\"},\"query-input\":{\"@type\":\"PropertyValueSpecification\",\"valueRequired\":true,\"valueName\":\"search_term_string\"}}],\"inLanguage\":\"de\"},{\"@type\":\"Organization\",\"@id\":\"https:\\\/\\\/www.ekoprodur.com\\\/de\\\/#organization\",\"name\":\"www.ekoprodur.com\",\"url\":\"https:\\\/\\\/www.ekoprodur.com\\\/de\\\/\",\"logo\":{\"@type\":\"ImageObject\",\"inLanguage\":\"de\",\"@id\":\"https:\\\/\\\/www.ekoprodur.com\\\/de\\\/#\\\/schema\\\/logo\\\/image\\\/\",\"url\":\"https:\\\/\\\/www.ekoprodur.com\\\/wp-content\\\/uploads\\\/2021\\\/12\\\/Logotype.png\",\"contentUrl\":\"https:\\\/\\\/www.ekoprodur.com\\\/wp-content\\\/uploads\\\/2021\\\/12\\\/Logotype.png\",\"width\":337,\"height\":120,\"caption\":\"www.ekoprodur.com\"},\"image\":{\"@id\":\"https:\\\/\\\/www.ekoprodur.com\\\/de\\\/#\\\/schema\\\/logo\\\/image\\\/\"}}]}<\/script>\n<!-- \/ Yoast SEO plugin. -->","yoast_head_json":{"title":"Ekoprodur S0541 - www.ekoprodur.com","robots":{"index":"index","follow":"follow","max-snippet":"max-snippet:-1","max-image-preview":"max-image-preview:large","max-video-preview":"max-video-preview:-1"},"canonical":"https:\/\/www.ekoprodur.com\/de\/product\/ekoprodur-s0541\/","og_locale":"de_DE","og_type":"article","og_title":"Ekoprodur S0541 - www.ekoprodur.com","og_description":"Ekoprodur S0541 ist ein Zweikomponentensystem zur Herstellung von geschlossenzelligem Hartschaum mit selbstverl\u00f6schenden Eigenschaften. Die hervorragenden Isoliereigenschaften des Schaums wurden durch die Verwendung von HFO erreicht \u2013 einem Schaumbildner der vierten Generation aus der Gruppe der Hydrofluorolefine mit einem niedrigen Treibhauseffektpotenzial (GWP = 1) und einem ozonsch\u00e4digenden Potenzial von Null (ODP = 0). Wird haupts\u00e4chlich als [&hellip;]","og_url":"https:\/\/www.ekoprodur.com\/de\/product\/ekoprodur-s0541\/","og_site_name":"www.ekoprodur.com","article_modified_time":"2023-07-11T12:25:50+00:00","og_image":[{"width":617,"height":415,"url":"https:\/\/www.ekoprodur.com\/wp-content\/uploads\/2021\/12\/S540.png","type":"image\/png"}],"twitter_card":"summary_large_image","schema":{"@context":"https:\/\/schema.org","@graph":[{"@type":"WebPage","@id":"https:\/\/www.ekoprodur.com\/de\/product\/ekoprodur-s0541\/","url":"https:\/\/www.ekoprodur.com\/de\/product\/ekoprodur-s0541\/","name":"Ekoprodur S0541 - www.ekoprodur.com","isPartOf":{"@id":"https:\/\/www.ekoprodur.com\/de\/#website"},"primaryImageOfPage":{"@id":"https:\/\/www.ekoprodur.com\/de\/product\/ekoprodur-s0541\/#primaryimage"},"image":{"@id":"https:\/\/www.ekoprodur.com\/de\/product\/ekoprodur-s0541\/#primaryimage"},"thumbnailUrl":"https:\/\/www.ekoprodur.com\/wp-content\/uploads\/2021\/12\/S540.png","datePublished":"2021-12-20T09:11:09+00:00","dateModified":"2023-07-11T12:25:50+00:00","breadcrumb":{"@id":"https:\/\/www.ekoprodur.com\/de\/product\/ekoprodur-s0541\/#breadcrumb"},"inLanguage":"de","potentialAction":[{"@type":"ReadAction","target":["https:\/\/www.ekoprodur.com\/de\/product\/ekoprodur-s0541\/"]}]},{"@type":"ImageObject","inLanguage":"de","@id":"https:\/\/www.ekoprodur.com\/de\/product\/ekoprodur-s0541\/#primaryimage","url":"https:\/\/www.ekoprodur.com\/wp-content\/uploads\/2021\/12\/S540.png","contentUrl":"https:\/\/www.ekoprodur.com\/wp-content\/uploads\/2021\/12\/S540.png","width":617,"height":415},{"@type":"BreadcrumbList","@id":"https:\/\/www.ekoprodur.com\/de\/product\/ekoprodur-s0541\/#breadcrumb","itemListElement":[{"@type":"ListItem","position":1,"name":"Strona g\u0142\u00f3wna","item":"https:\/\/www.ekoprodur.com\/de\/"},{"@type":"ListItem","position":2,"name":"Ekoprodur S0541"}]},{"@type":"WebSite","@id":"https:\/\/www.ekoprodur.com\/de\/#website","url":"https:\/\/www.ekoprodur.com\/de\/","name":"www.ekoprodur.com","description":"Spray foam insulation The most effective insulation for your home!","publisher":{"@id":"https:\/\/www.ekoprodur.com\/de\/#organization"},"potentialAction":[{"@type":"SearchAction","target":{"@type":"EntryPoint","urlTemplate":"https:\/\/www.ekoprodur.com\/de\/?s={search_term_string}"},"query-input":{"@type":"PropertyValueSpecification","valueRequired":true,"valueName":"search_term_string"}}],"inLanguage":"de"},{"@type":"Organization","@id":"https:\/\/www.ekoprodur.com\/de\/#organization","name":"www.ekoprodur.com","url":"https:\/\/www.ekoprodur.com\/de\/","logo":{"@type":"ImageObject","inLanguage":"de","@id":"https:\/\/www.ekoprodur.com\/de\/#\/schema\/logo\/image\/","url":"https:\/\/www.ekoprodur.com\/wp-content\/uploads\/2021\/12\/Logotype.png","contentUrl":"https:\/\/www.ekoprodur.com\/wp-content\/uploads\/2021\/12\/Logotype.png","width":337,"height":120,"caption":"www.ekoprodur.com"},"image":{"@id":"https:\/\/www.ekoprodur.com\/de\/#\/schema\/logo\/image\/"}}]}},"_links":{"self":[{"href":"https:\/\/www.ekoprodur.com\/de\/wp-json\/wp\/v2\/product\/1907","targetHints":{"allow":["GET"]}}],"collection":[{"href":"https:\/\/www.ekoprodur.com\/de\/wp-json\/wp\/v2\/product"}],"about":[{"href":"https:\/\/www.ekoprodur.com\/de\/wp-json\/wp\/v2\/types\/product"}],"wp:featuredmedia":[{"embeddable":true,"href":"https:\/\/www.ekoprodur.com\/de\/wp-json\/wp\/v2\/media\/1640"}],"wp:attachment":[{"href":"https:\/\/www.ekoprodur.com\/de\/wp-json\/wp\/v2\/media?parent=1907"}],"curies":[{"name":"wp","href":"https:\/\/api.w.org\/{rel}","templated":true}]}}