{"id":1902,"date":"2022-02-01T12:29:01","date_gmt":"2022-02-01T11:29:01","guid":{"rendered":"https:\/\/www.ekoprodur.com\/product\/ekoprodur-s340fl\/"},"modified":"2023-07-11T15:44:31","modified_gmt":"2023-07-11T13:44:31","slug":"ekoprodur-s331fl","status":"publish","type":"product","link":"https:\/\/www.ekoprodur.com\/de\/product\/ekoprodur-s331fl\/","title":{"rendered":"Ekoprodur S331FL"},"content":{"rendered":"<p>Ekoprodur S0331FL ist ein Zweikomponentensystem zur Herstellung von geschlossenzelligem Hartschaum mit selbstverl\u00f6schenden Eigenschaften. Die hervorragenden Isoliereigenschaften des Schaums wurden durch die Verwendung von HFO erreicht \u2013 einem Schaumbildner der vierten Generation aus der Gruppe der Hydrofluorolefine mit niedrigem Treibhauseffektpotenzial (GWP = 1) und einem Ozonabbaupotenzial von Null (ODP = 0).<\/p>\n<p>Es wurde f\u00fcr die Innend\u00e4mmung von Bodenfl\u00e4chen entwickelt.<\/p>\n<p>Es weist eine erh\u00f6hte mechanische Festigkeit und eine ausgezeichnete Dimensionsstabilit\u00e4t auf.<\/p>\n","protected":false},"featured_media":1638,"template":"","class_list":["post-1902","product","type-product","status-publish","has-post-thumbnail","hentry"],"acf":[],"yoast_head":"<!-- This site is optimized with the Yoast SEO plugin v27.3 - https:\/\/yoast.com\/product\/yoast-seo-wordpress\/ -->\n<title>Ekoprodur S331FL - www.ekoprodur.com<\/title>\n<meta name=\"robots\" content=\"index, follow, max-snippet:-1, max-image-preview:large, max-video-preview:-1\" \/>\n<link rel=\"canonical\" href=\"https:\/\/www.ekoprodur.com\/de\/product\/ekoprodur-s331fl\/\" \/>\n<meta property=\"og:locale\" content=\"de_DE\" \/>\n<meta property=\"og:type\" content=\"article\" \/>\n<meta property=\"og:title\" content=\"Ekoprodur S331FL - www.ekoprodur.com\" \/>\n<meta property=\"og:description\" content=\"Ekoprodur S0331FL ist ein Zweikomponentensystem zur Herstellung von geschlossenzelligem Hartschaum mit selbstverl\u00f6schenden Eigenschaften. Die hervorragenden Isoliereigenschaften des Schaums wurden durch die Verwendung von HFO erreicht \u2013 einem Schaumbildner der vierten Generation aus der Gruppe der Hydrofluorolefine mit niedrigem Treibhauseffektpotenzial (GWP = 1) und einem Ozonabbaupotenzial von Null (ODP = 0). Es wurde f\u00fcr die Innend\u00e4mmung [&hellip;]\" \/>\n<meta property=\"og:url\" content=\"https:\/\/www.ekoprodur.com\/de\/product\/ekoprodur-s331fl\/\" \/>\n<meta property=\"og:site_name\" content=\"www.ekoprodur.com\" \/>\n<meta property=\"article:modified_time\" content=\"2023-07-11T13:44:31+00:00\" \/>\n<meta property=\"og:image\" content=\"https:\/\/www.ekoprodur.com\/wp-content\/uploads\/2022\/02\/S0340FL.png\" \/>\n\t<meta property=\"og:image:width\" content=\"617\" \/>\n\t<meta property=\"og:image:height\" content=\"415\" \/>\n\t<meta property=\"og:image:type\" content=\"image\/png\" \/>\n<meta name=\"twitter:card\" content=\"summary_large_image\" \/>\n<script type=\"application\/ld+json\" class=\"yoast-schema-graph\">{\"@context\":\"https:\\\/\\\/schema.org\",\"@graph\":[{\"@type\":\"WebPage\",\"@id\":\"https:\\\/\\\/www.ekoprodur.com\\\/de\\\/product\\\/ekoprodur-s331fl\\\/\",\"url\":\"https:\\\/\\\/www.ekoprodur.com\\\/de\\\/product\\\/ekoprodur-s331fl\\\/\",\"name\":\"Ekoprodur S331FL - www.ekoprodur.com\",\"isPartOf\":{\"@id\":\"https:\\\/\\\/www.ekoprodur.com\\\/de\\\/#website\"},\"primaryImageOfPage\":{\"@id\":\"https:\\\/\\\/www.ekoprodur.com\\\/de\\\/product\\\/ekoprodur-s331fl\\\/#primaryimage\"},\"image\":{\"@id\":\"https:\\\/\\\/www.ekoprodur.com\\\/de\\\/product\\\/ekoprodur-s331fl\\\/#primaryimage\"},\"thumbnailUrl\":\"https:\\\/\\\/www.ekoprodur.com\\\/wp-content\\\/uploads\\\/2022\\\/02\\\/S0340FL.png\",\"datePublished\":\"2022-02-01T11:29:01+00:00\",\"dateModified\":\"2023-07-11T13:44:31+00:00\",\"breadcrumb\":{\"@id\":\"https:\\\/\\\/www.ekoprodur.com\\\/de\\\/product\\\/ekoprodur-s331fl\\\/#breadcrumb\"},\"inLanguage\":\"de\",\"potentialAction\":[{\"@type\":\"ReadAction\",\"target\":[\"https:\\\/\\\/www.ekoprodur.com\\\/de\\\/product\\\/ekoprodur-s331fl\\\/\"]}]},{\"@type\":\"ImageObject\",\"inLanguage\":\"de\",\"@id\":\"https:\\\/\\\/www.ekoprodur.com\\\/de\\\/product\\\/ekoprodur-s331fl\\\/#primaryimage\",\"url\":\"https:\\\/\\\/www.ekoprodur.com\\\/wp-content\\\/uploads\\\/2022\\\/02\\\/S0340FL.png\",\"contentUrl\":\"https:\\\/\\\/www.ekoprodur.com\\\/wp-content\\\/uploads\\\/2022\\\/02\\\/S0340FL.png\",\"width\":617,\"height\":415},{\"@type\":\"BreadcrumbList\",\"@id\":\"https:\\\/\\\/www.ekoprodur.com\\\/de\\\/product\\\/ekoprodur-s331fl\\\/#breadcrumb\",\"itemListElement\":[{\"@type\":\"ListItem\",\"position\":1,\"name\":\"Strona g\u0142\u00f3wna\",\"item\":\"https:\\\/\\\/www.ekoprodur.com\\\/de\\\/\"},{\"@type\":\"ListItem\",\"position\":2,\"name\":\"Ekoprodur S331FL\"}]},{\"@type\":\"WebSite\",\"@id\":\"https:\\\/\\\/www.ekoprodur.com\\\/de\\\/#website\",\"url\":\"https:\\\/\\\/www.ekoprodur.com\\\/de\\\/\",\"name\":\"www.ekoprodur.com\",\"description\":\"Spray foam insulation The most effective insulation for your home!\",\"publisher\":{\"@id\":\"https:\\\/\\\/www.ekoprodur.com\\\/de\\\/#organization\"},\"potentialAction\":[{\"@type\":\"SearchAction\",\"target\":{\"@type\":\"EntryPoint\",\"urlTemplate\":\"https:\\\/\\\/www.ekoprodur.com\\\/de\\\/?s={search_term_string}\"},\"query-input\":{\"@type\":\"PropertyValueSpecification\",\"valueRequired\":true,\"valueName\":\"search_term_string\"}}],\"inLanguage\":\"de\"},{\"@type\":\"Organization\",\"@id\":\"https:\\\/\\\/www.ekoprodur.com\\\/de\\\/#organization\",\"name\":\"www.ekoprodur.com\",\"url\":\"https:\\\/\\\/www.ekoprodur.com\\\/de\\\/\",\"logo\":{\"@type\":\"ImageObject\",\"inLanguage\":\"de\",\"@id\":\"https:\\\/\\\/www.ekoprodur.com\\\/de\\\/#\\\/schema\\\/logo\\\/image\\\/\",\"url\":\"https:\\\/\\\/www.ekoprodur.com\\\/wp-content\\\/uploads\\\/2021\\\/12\\\/Logotype.png\",\"contentUrl\":\"https:\\\/\\\/www.ekoprodur.com\\\/wp-content\\\/uploads\\\/2021\\\/12\\\/Logotype.png\",\"width\":337,\"height\":120,\"caption\":\"www.ekoprodur.com\"},\"image\":{\"@id\":\"https:\\\/\\\/www.ekoprodur.com\\\/de\\\/#\\\/schema\\\/logo\\\/image\\\/\"}}]}<\/script>\n<!-- \/ Yoast SEO plugin. -->","yoast_head_json":{"title":"Ekoprodur S331FL - www.ekoprodur.com","robots":{"index":"index","follow":"follow","max-snippet":"max-snippet:-1","max-image-preview":"max-image-preview:large","max-video-preview":"max-video-preview:-1"},"canonical":"https:\/\/www.ekoprodur.com\/de\/product\/ekoprodur-s331fl\/","og_locale":"de_DE","og_type":"article","og_title":"Ekoprodur S331FL - www.ekoprodur.com","og_description":"Ekoprodur S0331FL ist ein Zweikomponentensystem zur Herstellung von geschlossenzelligem Hartschaum mit selbstverl\u00f6schenden Eigenschaften. Die hervorragenden Isoliereigenschaften des Schaums wurden durch die Verwendung von HFO erreicht \u2013 einem Schaumbildner der vierten Generation aus der Gruppe der Hydrofluorolefine mit niedrigem Treibhauseffektpotenzial (GWP = 1) und einem Ozonabbaupotenzial von Null (ODP = 0). Es wurde f\u00fcr die Innend\u00e4mmung [&hellip;]","og_url":"https:\/\/www.ekoprodur.com\/de\/product\/ekoprodur-s331fl\/","og_site_name":"www.ekoprodur.com","article_modified_time":"2023-07-11T13:44:31+00:00","og_image":[{"width":617,"height":415,"url":"https:\/\/www.ekoprodur.com\/wp-content\/uploads\/2022\/02\/S0340FL.png","type":"image\/png"}],"twitter_card":"summary_large_image","schema":{"@context":"https:\/\/schema.org","@graph":[{"@type":"WebPage","@id":"https:\/\/www.ekoprodur.com\/de\/product\/ekoprodur-s331fl\/","url":"https:\/\/www.ekoprodur.com\/de\/product\/ekoprodur-s331fl\/","name":"Ekoprodur S331FL - www.ekoprodur.com","isPartOf":{"@id":"https:\/\/www.ekoprodur.com\/de\/#website"},"primaryImageOfPage":{"@id":"https:\/\/www.ekoprodur.com\/de\/product\/ekoprodur-s331fl\/#primaryimage"},"image":{"@id":"https:\/\/www.ekoprodur.com\/de\/product\/ekoprodur-s331fl\/#primaryimage"},"thumbnailUrl":"https:\/\/www.ekoprodur.com\/wp-content\/uploads\/2022\/02\/S0340FL.png","datePublished":"2022-02-01T11:29:01+00:00","dateModified":"2023-07-11T13:44:31+00:00","breadcrumb":{"@id":"https:\/\/www.ekoprodur.com\/de\/product\/ekoprodur-s331fl\/#breadcrumb"},"inLanguage":"de","potentialAction":[{"@type":"ReadAction","target":["https:\/\/www.ekoprodur.com\/de\/product\/ekoprodur-s331fl\/"]}]},{"@type":"ImageObject","inLanguage":"de","@id":"https:\/\/www.ekoprodur.com\/de\/product\/ekoprodur-s331fl\/#primaryimage","url":"https:\/\/www.ekoprodur.com\/wp-content\/uploads\/2022\/02\/S0340FL.png","contentUrl":"https:\/\/www.ekoprodur.com\/wp-content\/uploads\/2022\/02\/S0340FL.png","width":617,"height":415},{"@type":"BreadcrumbList","@id":"https:\/\/www.ekoprodur.com\/de\/product\/ekoprodur-s331fl\/#breadcrumb","itemListElement":[{"@type":"ListItem","position":1,"name":"Strona g\u0142\u00f3wna","item":"https:\/\/www.ekoprodur.com\/de\/"},{"@type":"ListItem","position":2,"name":"Ekoprodur S331FL"}]},{"@type":"WebSite","@id":"https:\/\/www.ekoprodur.com\/de\/#website","url":"https:\/\/www.ekoprodur.com\/de\/","name":"www.ekoprodur.com","description":"Spray foam insulation The most effective insulation for your home!","publisher":{"@id":"https:\/\/www.ekoprodur.com\/de\/#organization"},"potentialAction":[{"@type":"SearchAction","target":{"@type":"EntryPoint","urlTemplate":"https:\/\/www.ekoprodur.com\/de\/?s={search_term_string}"},"query-input":{"@type":"PropertyValueSpecification","valueRequired":true,"valueName":"search_term_string"}}],"inLanguage":"de"},{"@type":"Organization","@id":"https:\/\/www.ekoprodur.com\/de\/#organization","name":"www.ekoprodur.com","url":"https:\/\/www.ekoprodur.com\/de\/","logo":{"@type":"ImageObject","inLanguage":"de","@id":"https:\/\/www.ekoprodur.com\/de\/#\/schema\/logo\/image\/","url":"https:\/\/www.ekoprodur.com\/wp-content\/uploads\/2021\/12\/Logotype.png","contentUrl":"https:\/\/www.ekoprodur.com\/wp-content\/uploads\/2021\/12\/Logotype.png","width":337,"height":120,"caption":"www.ekoprodur.com"},"image":{"@id":"https:\/\/www.ekoprodur.com\/de\/#\/schema\/logo\/image\/"}}]}},"_links":{"self":[{"href":"https:\/\/www.ekoprodur.com\/de\/wp-json\/wp\/v2\/product\/1902","targetHints":{"allow":["GET"]}}],"collection":[{"href":"https:\/\/www.ekoprodur.com\/de\/wp-json\/wp\/v2\/product"}],"about":[{"href":"https:\/\/www.ekoprodur.com\/de\/wp-json\/wp\/v2\/types\/product"}],"wp:featuredmedia":[{"embeddable":true,"href":"https:\/\/www.ekoprodur.com\/de\/wp-json\/wp\/v2\/media\/1638"}],"wp:attachment":[{"href":"https:\/\/www.ekoprodur.com\/de\/wp-json\/wp\/v2\/media?parent=1902"}],"curies":[{"name":"wp","href":"https:\/\/api.w.org\/{rel}","templated":true}]}}