{"id":1748,"date":"2022-01-04T09:30:38","date_gmt":"2022-01-04T08:30:38","guid":{"rendered":"https:\/\/www.ekoprodur.com\/ueber-uns\/"},"modified":"2025-09-17T12:49:44","modified_gmt":"2025-09-17T10:49:44","slug":"ueber-uns","status":"publish","type":"page","link":"https:\/\/www.ekoprodur.com\/de\/ueber-uns\/","title":{"rendered":"\u00dcber uns"},"content":{"rendered":"\t\t<div data-elementor-type=\"wp-page\" data-elementor-id=\"1748\" class=\"elementor elementor-1748 elementor-2606\" data-elementor-post-type=\"page\">\n\t\t\t\t\t\t<section class=\"elementor-section elementor-top-section elementor-element elementor-element-854a71b elementor-section-boxed elementor-section-height-default elementor-section-height-default\" data-id=\"854a71b\" data-element_type=\"section\" data-e-type=\"section\">\n\t\t\t\t\t\t<div class=\"elementor-container elementor-column-gap-no\">\n\t\t\t\t\t<div class=\"elementor-column elementor-col-50 elementor-top-column elementor-element elementor-element-23d5560\" data-id=\"23d5560\" data-element_type=\"column\" data-e-type=\"column\">\n\t\t\t<div class=\"elementor-widget-wrap elementor-element-populated\">\n\t\t\t\t\t\t<div class=\"elementor-element elementor-element-5dd09bf elementor-widget elementor-widget-heading\" data-id=\"5dd09bf\" data-element_type=\"widget\" data-e-type=\"widget\" data-widget_type=\"heading.default\">\n\t\t\t\t<div class=\"elementor-widget-container\">\n\t\t\t\t\t<h1 class=\"elementor-heading-title elementor-size-default\">\u00dcber uns<\/h1>\t\t\t\t<\/div>\n\t\t\t\t<\/div>\n\t\t\t\t\t<\/div>\n\t\t<\/div>\n\t\t\t\t<div class=\"elementor-column elementor-col-50 elementor-top-column elementor-element elementor-element-dc601f4\" data-id=\"dc601f4\" data-element_type=\"column\" data-e-type=\"column\">\n\t\t\t<div class=\"elementor-widget-wrap\">\n\t\t\t\t\t\t\t<\/div>\n\t\t<\/div>\n\t\t\t\t\t<\/div>\n\t\t<\/section>\n\t\t\t\t<section class=\"elementor-section elementor-top-section elementor-element elementor-element-250928a elementor-section-boxed elementor-section-height-default elementor-section-height-default\" data-id=\"250928a\" data-element_type=\"section\" data-e-type=\"section\">\n\t\t\t\t\t\t<div class=\"elementor-container elementor-column-gap-no\">\n\t\t\t\t\t<div class=\"elementor-column elementor-col-50 elementor-top-column elementor-element elementor-element-e8747ac\" data-id=\"e8747ac\" data-element_type=\"column\" data-e-type=\"column\">\n\t\t\t<div class=\"elementor-widget-wrap elementor-element-populated\">\n\t\t\t\t\t\t<div class=\"elementor-element elementor-element-0d2dd98 elementor-widget elementor-widget-heading\" data-id=\"0d2dd98\" data-element_type=\"widget\" data-e-type=\"widget\" data-widget_type=\"heading.default\">\n\t\t\t\t<div class=\"elementor-widget-container\">\n\t\t\t\t\t<h2 class=\"elementor-heading-title elementor-size-default\">Bew\u00e4hrter Lieferant von Polyurethan-D\u00e4mmung\n\n\n<\/h2>\t\t\t\t<\/div>\n\t\t\t\t<\/div>\n\t\t\t\t<div class=\"elementor-element elementor-element-7107a94 elementor-widget elementor-widget-text-editor\" data-id=\"7107a94\" data-element_type=\"widget\" data-e-type=\"widget\" data-widget_type=\"text-editor.default\">\n\t\t\t\t<div class=\"elementor-widget-container\">\n\t\t\t\t\t\t\t\t\t<p data-start=\"128\" data-end=\"655\">Bei <strong data-start=\"130\" data-end=\"144\">PCC Prodex<\/strong> entwickeln wir L\u00f6sungen, die den t\u00e4glichen Komfort und die Effizienz im modernen Bauwesen unterst\u00fctzen. Unsere <strong data-start=\"277\" data-end=\"290\">Ekoprodur-Produkte<\/strong> sind zuverl\u00e4ssige Polyurethan-Schaumstoffe, die nicht nur eine hervorragende W\u00e4rme- und Schalld\u00e4mmung, sondern auch eine hohe Haltbarkeit und Widerstandsf\u00e4higkeit gegen\u00fcber \u00e4u\u00dferen Einfl\u00fcssen bieten. Dank unserer breiten Palette an Spr\u00fchsystemen k\u00f6nnen wir ma\u00dfgeschneiderte L\u00f6sungen f\u00fcr verschiedene Arten von Projekten anbieten &#8211; von Einfamilienh\u00e4usern bis hin zu industriellen und landwirtschaftlichen Anlagen.<\/p><p> <\/p><p data-start=\"657\" data-end=\"1100\">Wir verbinden Innovation mit Umweltbelangen, daher werden unsere Systeme mit Blick auf Energieeffizienz und CO\u2082-Reduzierung entwickelt. Wir entwickeln unsere Technologien st\u00e4ndig weiter, um unseren Kunden Produkte anbieten zu k\u00f6nnen, die freundlich, langlebig und kosteng\u00fcnstig sind und den heutigen Marktanforderungen entsprechen. Wenn Sie sich f\u00fcr PCC Prodex entscheiden, bekommen Sie einen Partner, der Wissen, Erfahrung und Leidenschaft f\u00fcr die Entwicklung sicherer und zuverl\u00e4ssiger D\u00e4mml\u00f6sungen vereint.<\/p>\t\t\t\t\t\t\t\t<\/div>\n\t\t\t\t<\/div>\n\t\t\t\t\t<\/div>\n\t\t<\/div>\n\t\t\t\t<div class=\"elementor-column elementor-col-50 elementor-top-column elementor-element elementor-element-ddf8787\" data-id=\"ddf8787\" data-element_type=\"column\" data-e-type=\"column\">\n\t\t\t<div class=\"elementor-widget-wrap elementor-element-populated\">\n\t\t\t\t\t\t<div class=\"elementor-element elementor-element-02d66f5 elementor-widget elementor-widget-image\" data-id=\"02d66f5\" data-element_type=\"widget\" data-e-type=\"widget\" data-widget_type=\"image.default\">\n\t\t\t\t<div class=\"elementor-widget-container\">\n\t\t\t\t\t\t\t\t\t\t\t\t\t\t\t<img fetchpriority=\"high\" decoding=\"async\" width=\"620\" height=\"620\" src=\"https:\/\/www.ekoprodur.com\/wp-content\/uploads\/2022\/01\/front-view-worker-construction-wearing-protection-gear.png\" class=\"attachment-large size-large wp-image-1606\" alt=\"\" srcset=\"https:\/\/www.ekoprodur.com\/wp-content\/uploads\/2022\/01\/front-view-worker-construction-wearing-protection-gear.png 620w, https:\/\/www.ekoprodur.com\/wp-content\/uploads\/2022\/01\/front-view-worker-construction-wearing-protection-gear-300x300.png 300w, https:\/\/www.ekoprodur.com\/wp-content\/uploads\/2022\/01\/front-view-worker-construction-wearing-protection-gear-150x150.png 150w\" sizes=\"(max-width: 620px) 100vw, 620px\" \/>\t\t\t\t\t\t\t\t\t\t\t\t\t\t\t<\/div>\n\t\t\t\t<\/div>\n\t\t\t\t\t<\/div>\n\t\t<\/div>\n\t\t\t\t\t<\/div>\n\t\t<\/section>\n\t\t\t\t<section class=\"elementor-section elementor-top-section elementor-element elementor-element-572d76f elementor-reverse-mobile elementor-section-boxed elementor-section-height-default elementor-section-height-default\" data-id=\"572d76f\" data-element_type=\"section\" data-e-type=\"section\">\n\t\t\t\t\t\t<div class=\"elementor-container elementor-column-gap-no\">\n\t\t\t\t\t<div class=\"elementor-column elementor-col-50 elementor-top-column elementor-element elementor-element-e9bf027\" data-id=\"e9bf027\" data-element_type=\"column\" data-e-type=\"column\">\n\t\t\t<div class=\"elementor-widget-wrap elementor-element-populated\">\n\t\t\t\t\t\t<div class=\"elementor-element elementor-element-939d8a2 elementor-widget elementor-widget-image\" data-id=\"939d8a2\" data-element_type=\"widget\" data-e-type=\"widget\" data-widget_type=\"image.default\">\n\t\t\t\t<div class=\"elementor-widget-container\">\n\t\t\t\t\t\t\t\t\t\t\t\t\t\t\t<img decoding=\"async\" width=\"620\" height=\"620\" src=\"https:\/\/www.ekoprodur.com\/wp-content\/uploads\/2022\/01\/DSC_4339.png\" class=\"attachment-large size-large wp-image-1608\" alt=\"\" srcset=\"https:\/\/www.ekoprodur.com\/wp-content\/uploads\/2022\/01\/DSC_4339.png 620w, https:\/\/www.ekoprodur.com\/wp-content\/uploads\/2022\/01\/DSC_4339-300x300.png 300w, https:\/\/www.ekoprodur.com\/wp-content\/uploads\/2022\/01\/DSC_4339-150x150.png 150w\" sizes=\"(max-width: 620px) 100vw, 620px\" \/>\t\t\t\t\t\t\t\t\t\t\t\t\t\t\t<\/div>\n\t\t\t\t<\/div>\n\t\t\t\t\t<\/div>\n\t\t<\/div>\n\t\t\t\t<div class=\"elementor-column elementor-col-50 elementor-top-column elementor-element elementor-element-bae177a\" data-id=\"bae177a\" data-element_type=\"column\" data-e-type=\"column\">\n\t\t\t<div class=\"elementor-widget-wrap elementor-element-populated\">\n\t\t\t\t\t\t<div class=\"elementor-element elementor-element-bd363ea elementor-widget elementor-widget-heading\" data-id=\"bd363ea\" data-element_type=\"widget\" data-e-type=\"widget\" data-widget_type=\"heading.default\">\n\t\t\t\t<div class=\"elementor-widget-container\">\n\t\t\t\t\t<h2 class=\"elementor-heading-title elementor-size-default\">PCC-Gruppe<\/h2>\t\t\t\t<\/div>\n\t\t\t\t<\/div>\n\t\t\t\t<div class=\"elementor-element elementor-element-370cac1 elementor-widget elementor-widget-image\" data-id=\"370cac1\" data-element_type=\"widget\" data-e-type=\"widget\" data-widget_type=\"image.default\">\n\t\t\t\t<div class=\"elementor-widget-container\">\n\t\t\t\t\t\t\t\t\t\t\t\t\t\t\t<img decoding=\"async\" src=\"https:\/\/www.ekoprodur.com\/wp-content\/uploads\/elementor\/thumbs\/PCC_logo_trans_orange-przyciete-rbvrdygc5op7fbftgbjnuxmrxiisir9y7414eqd59e.png\" title=\"PCC_logo_trans_orange-przyci\u0119te\" alt=\"PCC_logo_trans_orange-przyci\u0119te\" loading=\"lazy\" \/>\t\t\t\t\t\t\t\t\t\t\t\t\t\t\t<\/div>\n\t\t\t\t<\/div>\n\t\t\t\t<div class=\"elementor-element elementor-element-6c3362d elementor-widget elementor-widget-text-editor\" data-id=\"6c3362d\" data-element_type=\"widget\" data-e-type=\"widget\" data-widget_type=\"text-editor.default\">\n\t\t\t\t<div class=\"elementor-widget-container\">\n\t\t\t\t\t\t\t\t\t<p data-start=\"142\" data-end=\"724\"><span data-start=\"142\" data-end=\"156\">PCC Prodex<\/span> ist Teil der <span data-start=\"170\" data-end=\"195\">PCC Capital Group<\/span>, was uns den Zugang zu den umfangreichen Erfahrungen und modernen Forschungs- und Entwicklungseinrichtungen der internationalen Gruppe erm\u00f6glicht. So werden unsere Produkte mit der Unterst\u00fctzung von Experten aus den verschiedensten Bereichen und auf der Grundlage innovativer Technologien entwickelt, die den Polyurethanmarkt in Bewegung setzen. Die Kombination aus dem Fachwissen von Spezialisten und den F\u00e4higkeiten der Labore der PCC-Gruppe erm\u00f6glicht es uns, Systeme zu entwickeln, die nicht nur langlebig und sicher, sondern auch umweltfreundlich und auf die sich \u00e4ndernden Erwartungen unserer Kunden zugeschnitten sind.<\/p><p data-start=\"40\" data-end=\"496\"> <\/p><p data-start=\"726\" data-end=\"1218\"><span data-start=\"726\" data-end=\"750\">Die PCC Group of Companies<\/span> ist ein schnell wachsendes globales Konglomerat, das in der Chemie-, Energie- und Logistikbranche t\u00e4tig ist. Seine St\u00e4rke ist die Synergie von Wissen, Innovation und langj\u00e4hriger Erfahrung, die sich in der Schaffung von Spitzenl\u00f6sungen niederschl\u00e4gt, die die Entwicklung vieler Wirtschaftssektoren unterst\u00fctzen. So kann die PCC Prodex als Teil dieser Gruppe ihren Kunden h\u00f6chste Qualit\u00e4t und die Gewissheit garantieren, dass sie sich f\u00fcr einen stabilen und vertrauensw\u00fcrdigen Partner entscheiden.<\/p>\t\t\t\t\t\t\t\t<\/div>\n\t\t\t\t<\/div>\n\t\t\t\t\t<\/div>\n\t\t<\/div>\n\t\t\t\t\t<\/div>\n\t\t<\/section>\n\t\t\t\t<\/div>\n\t\t","protected":false},"excerpt":{"rendered":"<p>\u00dcber uns Bew\u00e4hrter Lieferant von Polyurethan-D\u00e4mmung Bei PCC Prodex entwickeln wir L\u00f6sungen, die den t\u00e4glichen Komfort und die Effizienz im modernen Bauwesen unterst\u00fctzen. Unsere Ekoprodur-Produkte sind zuverl\u00e4ssige Polyurethan-Schaumstoffe, die nicht nur eine hervorragende W\u00e4rme- und Schalld\u00e4mmung, sondern auch eine hohe Haltbarkeit und Widerstandsf\u00e4higkeit gegen\u00fcber \u00e4u\u00dferen Einfl\u00fcssen bieten. Dank unserer breiten Palette an Spr\u00fchsystemen k\u00f6nnen wir [&hellip;]<\/p>\n","protected":false},"author":1,"featured_media":0,"parent":0,"menu_order":0,"comment_status":"closed","ping_status":"closed","template":"","meta":{"_acf_changed":false,"footnotes":""},"class_list":["post-1748","page","type-page","status-publish","hentry"],"acf":[],"yoast_head":"<!-- This site is optimized with the Yoast SEO plugin v27.3 - https:\/\/yoast.com\/product\/yoast-seo-wordpress\/ -->\n<title>Bew\u00e4hrter Lieferant von Polyurethan-Schaumstoffen<\/title>\n<meta name=\"description\" content=\"Modbuild Supplies Limited wurde 2021 gegr\u00fcndet, um eine Reihe hochwertiger energieeffizienter Isolierprodukte zu liefern.\" \/>\n<meta name=\"robots\" content=\"index, follow, max-snippet:-1, max-image-preview:large, max-video-preview:-1\" \/>\n<link rel=\"canonical\" href=\"https:\/\/www.ekoprodur.com\/de\/ueber-uns\/\" \/>\n<meta property=\"og:locale\" content=\"de_DE\" \/>\n<meta property=\"og:type\" content=\"article\" \/>\n<meta property=\"og:title\" content=\"Bew\u00e4hrter Lieferant von Polyurethan-Schaumstoffen\" \/>\n<meta property=\"og:description\" content=\"Modbuild Supplies Limited wurde 2021 gegr\u00fcndet, um eine Reihe hochwertiger energieeffizienter Isolierprodukte zu liefern.\" \/>\n<meta property=\"og:url\" content=\"https:\/\/www.ekoprodur.com\/de\/ueber-uns\/\" \/>\n<meta property=\"og:site_name\" content=\"www.ekoprodur.com\" \/>\n<meta property=\"article:modified_time\" content=\"2025-09-17T10:49:44+00:00\" \/>\n<meta property=\"og:image\" content=\"https:\/\/www.ekoprodur.com\/wp-content\/uploads\/2022\/01\/front-view-worker-construction-wearing-protection-gear.png\" \/>\n\t<meta property=\"og:image:width\" content=\"620\" \/>\n\t<meta property=\"og:image:height\" content=\"620\" \/>\n\t<meta property=\"og:image:type\" content=\"image\/png\" \/>\n<meta name=\"twitter:card\" content=\"summary_large_image\" \/>\n<meta name=\"twitter:label1\" content=\"Gesch\u00e4tzte Lesezeit\" \/>\n\t<meta name=\"twitter:data1\" content=\"2\u00a0Minuten\" \/>\n<script type=\"application\/ld+json\" class=\"yoast-schema-graph\">{\"@context\":\"https:\\\/\\\/schema.org\",\"@graph\":[{\"@type\":\"WebPage\",\"@id\":\"https:\\\/\\\/www.ekoprodur.com\\\/de\\\/ueber-uns\\\/\",\"url\":\"https:\\\/\\\/www.ekoprodur.com\\\/de\\\/ueber-uns\\\/\",\"name\":\"Bew\u00e4hrter Lieferant von Polyurethan-Schaumstoffen\",\"isPartOf\":{\"@id\":\"https:\\\/\\\/www.ekoprodur.com\\\/de\\\/#website\"},\"primaryImageOfPage\":{\"@id\":\"https:\\\/\\\/www.ekoprodur.com\\\/de\\\/ueber-uns\\\/#primaryimage\"},\"image\":{\"@id\":\"https:\\\/\\\/www.ekoprodur.com\\\/de\\\/ueber-uns\\\/#primaryimage\"},\"thumbnailUrl\":\"https:\\\/\\\/www.ekoprodur.com\\\/wp-content\\\/uploads\\\/2022\\\/01\\\/front-view-worker-construction-wearing-protection-gear.png\",\"datePublished\":\"2022-01-04T08:30:38+00:00\",\"dateModified\":\"2025-09-17T10:49:44+00:00\",\"description\":\"Modbuild Supplies Limited wurde 2021 gegr\u00fcndet, um eine Reihe hochwertiger energieeffizienter Isolierprodukte zu liefern.\",\"breadcrumb\":{\"@id\":\"https:\\\/\\\/www.ekoprodur.com\\\/de\\\/ueber-uns\\\/#breadcrumb\"},\"inLanguage\":\"de\",\"potentialAction\":[{\"@type\":\"ReadAction\",\"target\":[\"https:\\\/\\\/www.ekoprodur.com\\\/de\\\/ueber-uns\\\/\"]}]},{\"@type\":\"ImageObject\",\"inLanguage\":\"de\",\"@id\":\"https:\\\/\\\/www.ekoprodur.com\\\/de\\\/ueber-uns\\\/#primaryimage\",\"url\":\"https:\\\/\\\/www.ekoprodur.com\\\/wp-content\\\/uploads\\\/2022\\\/01\\\/front-view-worker-construction-wearing-protection-gear.png\",\"contentUrl\":\"https:\\\/\\\/www.ekoprodur.com\\\/wp-content\\\/uploads\\\/2022\\\/01\\\/front-view-worker-construction-wearing-protection-gear.png\"},{\"@type\":\"BreadcrumbList\",\"@id\":\"https:\\\/\\\/www.ekoprodur.com\\\/de\\\/ueber-uns\\\/#breadcrumb\",\"itemListElement\":[{\"@type\":\"ListItem\",\"position\":1,\"name\":\"Strona g\u0142\u00f3wna\",\"item\":\"https:\\\/\\\/www.ekoprodur.com\\\/de\\\/\"},{\"@type\":\"ListItem\",\"position\":2,\"name\":\"\u00dcber uns\"}]},{\"@type\":\"WebSite\",\"@id\":\"https:\\\/\\\/www.ekoprodur.com\\\/de\\\/#website\",\"url\":\"https:\\\/\\\/www.ekoprodur.com\\\/de\\\/\",\"name\":\"www.ekoprodur.com\",\"description\":\"Spray foam insulation The most effective insulation for your home!\",\"publisher\":{\"@id\":\"https:\\\/\\\/www.ekoprodur.com\\\/de\\\/#organization\"},\"potentialAction\":[{\"@type\":\"SearchAction\",\"target\":{\"@type\":\"EntryPoint\",\"urlTemplate\":\"https:\\\/\\\/www.ekoprodur.com\\\/de\\\/?s={search_term_string}\"},\"query-input\":{\"@type\":\"PropertyValueSpecification\",\"valueRequired\":true,\"valueName\":\"search_term_string\"}}],\"inLanguage\":\"de\"},{\"@type\":\"Organization\",\"@id\":\"https:\\\/\\\/www.ekoprodur.com\\\/de\\\/#organization\",\"name\":\"www.ekoprodur.com\",\"url\":\"https:\\\/\\\/www.ekoprodur.com\\\/de\\\/\",\"logo\":{\"@type\":\"ImageObject\",\"inLanguage\":\"de\",\"@id\":\"https:\\\/\\\/www.ekoprodur.com\\\/de\\\/#\\\/schema\\\/logo\\\/image\\\/\",\"url\":\"https:\\\/\\\/www.ekoprodur.com\\\/wp-content\\\/uploads\\\/2021\\\/12\\\/Logotype.png\",\"contentUrl\":\"https:\\\/\\\/www.ekoprodur.com\\\/wp-content\\\/uploads\\\/2021\\\/12\\\/Logotype.png\",\"width\":337,\"height\":120,\"caption\":\"www.ekoprodur.com\"},\"image\":{\"@id\":\"https:\\\/\\\/www.ekoprodur.com\\\/de\\\/#\\\/schema\\\/logo\\\/image\\\/\"}}]}<\/script>\n<!-- \/ Yoast SEO plugin. -->","yoast_head_json":{"title":"Bew\u00e4hrter Lieferant von Polyurethan-Schaumstoffen","description":"Modbuild Supplies Limited wurde 2021 gegr\u00fcndet, um eine Reihe hochwertiger energieeffizienter Isolierprodukte zu liefern.","robots":{"index":"index","follow":"follow","max-snippet":"max-snippet:-1","max-image-preview":"max-image-preview:large","max-video-preview":"max-video-preview:-1"},"canonical":"https:\/\/www.ekoprodur.com\/de\/ueber-uns\/","og_locale":"de_DE","og_type":"article","og_title":"Bew\u00e4hrter Lieferant von Polyurethan-Schaumstoffen","og_description":"Modbuild Supplies Limited wurde 2021 gegr\u00fcndet, um eine Reihe hochwertiger energieeffizienter Isolierprodukte zu liefern.","og_url":"https:\/\/www.ekoprodur.com\/de\/ueber-uns\/","og_site_name":"www.ekoprodur.com","article_modified_time":"2025-09-17T10:49:44+00:00","og_image":[{"width":620,"height":620,"url":"https:\/\/www.ekoprodur.com\/wp-content\/uploads\/2022\/01\/front-view-worker-construction-wearing-protection-gear.png","type":"image\/png"}],"twitter_card":"summary_large_image","twitter_misc":{"Gesch\u00e4tzte Lesezeit":"2\u00a0Minuten"},"schema":{"@context":"https:\/\/schema.org","@graph":[{"@type":"WebPage","@id":"https:\/\/www.ekoprodur.com\/de\/ueber-uns\/","url":"https:\/\/www.ekoprodur.com\/de\/ueber-uns\/","name":"Bew\u00e4hrter Lieferant von Polyurethan-Schaumstoffen","isPartOf":{"@id":"https:\/\/www.ekoprodur.com\/de\/#website"},"primaryImageOfPage":{"@id":"https:\/\/www.ekoprodur.com\/de\/ueber-uns\/#primaryimage"},"image":{"@id":"https:\/\/www.ekoprodur.com\/de\/ueber-uns\/#primaryimage"},"thumbnailUrl":"https:\/\/www.ekoprodur.com\/wp-content\/uploads\/2022\/01\/front-view-worker-construction-wearing-protection-gear.png","datePublished":"2022-01-04T08:30:38+00:00","dateModified":"2025-09-17T10:49:44+00:00","description":"Modbuild Supplies Limited wurde 2021 gegr\u00fcndet, um eine Reihe hochwertiger energieeffizienter Isolierprodukte zu liefern.","breadcrumb":{"@id":"https:\/\/www.ekoprodur.com\/de\/ueber-uns\/#breadcrumb"},"inLanguage":"de","potentialAction":[{"@type":"ReadAction","target":["https:\/\/www.ekoprodur.com\/de\/ueber-uns\/"]}]},{"@type":"ImageObject","inLanguage":"de","@id":"https:\/\/www.ekoprodur.com\/de\/ueber-uns\/#primaryimage","url":"https:\/\/www.ekoprodur.com\/wp-content\/uploads\/2022\/01\/front-view-worker-construction-wearing-protection-gear.png","contentUrl":"https:\/\/www.ekoprodur.com\/wp-content\/uploads\/2022\/01\/front-view-worker-construction-wearing-protection-gear.png"},{"@type":"BreadcrumbList","@id":"https:\/\/www.ekoprodur.com\/de\/ueber-uns\/#breadcrumb","itemListElement":[{"@type":"ListItem","position":1,"name":"Strona g\u0142\u00f3wna","item":"https:\/\/www.ekoprodur.com\/de\/"},{"@type":"ListItem","position":2,"name":"\u00dcber uns"}]},{"@type":"WebSite","@id":"https:\/\/www.ekoprodur.com\/de\/#website","url":"https:\/\/www.ekoprodur.com\/de\/","name":"www.ekoprodur.com","description":"Spray foam insulation The most effective insulation for your home!","publisher":{"@id":"https:\/\/www.ekoprodur.com\/de\/#organization"},"potentialAction":[{"@type":"SearchAction","target":{"@type":"EntryPoint","urlTemplate":"https:\/\/www.ekoprodur.com\/de\/?s={search_term_string}"},"query-input":{"@type":"PropertyValueSpecification","valueRequired":true,"valueName":"search_term_string"}}],"inLanguage":"de"},{"@type":"Organization","@id":"https:\/\/www.ekoprodur.com\/de\/#organization","name":"www.ekoprodur.com","url":"https:\/\/www.ekoprodur.com\/de\/","logo":{"@type":"ImageObject","inLanguage":"de","@id":"https:\/\/www.ekoprodur.com\/de\/#\/schema\/logo\/image\/","url":"https:\/\/www.ekoprodur.com\/wp-content\/uploads\/2021\/12\/Logotype.png","contentUrl":"https:\/\/www.ekoprodur.com\/wp-content\/uploads\/2021\/12\/Logotype.png","width":337,"height":120,"caption":"www.ekoprodur.com"},"image":{"@id":"https:\/\/www.ekoprodur.com\/de\/#\/schema\/logo\/image\/"}}]}},"_links":{"self":[{"href":"https:\/\/www.ekoprodur.com\/de\/wp-json\/wp\/v2\/pages\/1748","targetHints":{"allow":["GET"]}}],"collection":[{"href":"https:\/\/www.ekoprodur.com\/de\/wp-json\/wp\/v2\/pages"}],"about":[{"href":"https:\/\/www.ekoprodur.com\/de\/wp-json\/wp\/v2\/types\/page"}],"author":[{"embeddable":true,"href":"https:\/\/www.ekoprodur.com\/de\/wp-json\/wp\/v2\/users\/1"}],"replies":[{"embeddable":true,"href":"https:\/\/www.ekoprodur.com\/de\/wp-json\/wp\/v2\/comments?post=1748"}],"version-history":[{"count":2,"href":"https:\/\/www.ekoprodur.com\/de\/wp-json\/wp\/v2\/pages\/1748\/revisions"}],"predecessor-version":[{"id":5726,"href":"https:\/\/www.ekoprodur.com\/de\/wp-json\/wp\/v2\/pages\/1748\/revisions\/5726"}],"wp:attachment":[{"href":"https:\/\/www.ekoprodur.com\/de\/wp-json\/wp\/v2\/media?parent=1748"}],"curies":[{"name":"wp","href":"https:\/\/api.w.org\/{rel}","templated":true}]}}