{"id":1674,"date":"2021-11-30T16:41:18","date_gmt":"2021-11-30T15:41:18","guid":{"rendered":"https:\/\/www.ekoprodur.com\/datenschutzerklaerung\/"},"modified":"2024-08-29T13:27:59","modified_gmt":"2024-08-29T11:27:59","slug":"datenschutzerklaerung","status":"publish","type":"page","link":"https:\/\/www.ekoprodur.com\/de\/datenschutzerklaerung\/","title":{"rendered":"Datenschutzerkl\u00e4rung"},"content":{"rendered":"\t\t<div data-elementor-type=\"wp-post\" data-elementor-id=\"1674\" class=\"elementor elementor-1674 elementor-87\" data-elementor-post-type=\"page\">\n\t\t\t\t\t\t<section class=\"elementor-section elementor-top-section elementor-element elementor-element-5d346413 elementor-section-stretched elementor-section-content-middle elementor-section-boxed elementor-section-height-default elementor-section-height-default elementor-invisible\" data-id=\"5d346413\" data-element_type=\"section\" data-e-type=\"section\" data-settings=\"{&quot;stretch_section&quot;:&quot;section-stretched&quot;,&quot;animation&quot;:&quot;fadeIn&quot;}\">\n\t\t\t\t\t\t\t<div class=\"elementor-background-overlay\"><\/div>\n\t\t\t\t\t\t\t<div class=\"elementor-container elementor-column-gap-default\">\n\t\t\t\t\t<div class=\"elementor-column elementor-col-100 elementor-top-column elementor-element elementor-element-5f7efd2\" data-id=\"5f7efd2\" data-element_type=\"column\" data-e-type=\"column\">\n\t\t\t<div class=\"elementor-widget-wrap elementor-element-populated\">\n\t\t\t\t\t\t<section class=\"elementor-section elementor-inner-section elementor-element elementor-element-4bc44e84 elementor-section-boxed elementor-section-height-default elementor-section-height-default\" data-id=\"4bc44e84\" data-element_type=\"section\" data-e-type=\"section\">\n\t\t\t\t\t\t<div class=\"elementor-container elementor-column-gap-default\">\n\t\t\t\t\t<div class=\"elementor-column elementor-col-100 elementor-inner-column elementor-element elementor-element-733a09ab\" data-id=\"733a09ab\" data-element_type=\"column\" data-e-type=\"column\">\n\t\t\t<div class=\"elementor-widget-wrap elementor-element-populated\">\n\t\t\t\t\t\t<div class=\"elementor-element elementor-element-54eb04c4 elementor-widget elementor-widget-heading\" data-id=\"54eb04c4\" data-element_type=\"widget\" data-e-type=\"widget\" data-widget_type=\"heading.default\">\n\t\t\t\t<div class=\"elementor-widget-container\">\n\t\t\t\t\t<h1 class=\"elementor-heading-title elementor-size-default\">Datenschutzbestimmungen        <\/h1>\t\t\t\t<\/div>\n\t\t\t\t<\/div>\n\t\t\t\t\t<\/div>\n\t\t<\/div>\n\t\t\t\t\t<\/div>\n\t\t<\/section>\n\t\t\t\t<div class=\"elementor-element elementor-element-7bc96b70 elementor-widget elementor-widget-heading\" data-id=\"7bc96b70\" data-element_type=\"widget\" data-e-type=\"widget\" data-widget_type=\"heading.default\">\n\t\t\t\t<div class=\"elementor-widget-container\">\n\t\t\t\t\t<h4 class=\"elementor-heading-title elementor-size-default\">Treten Sie den Besten bei!        <\/h4>\t\t\t\t<\/div>\n\t\t\t\t<\/div>\n\t\t\t\t\t<\/div>\n\t\t<\/div>\n\t\t\t\t\t<\/div>\n\t\t<\/section>\n\t\t\t\t<section class=\"elementor-section elementor-top-section elementor-element elementor-element-8e7b0ad elementor-section-boxed elementor-section-height-default elementor-section-height-default\" data-id=\"8e7b0ad\" data-element_type=\"section\" data-e-type=\"section\">\n\t\t\t\t\t\t<div class=\"elementor-container elementor-column-gap-default\">\n\t\t\t\t\t<div class=\"elementor-column elementor-col-100 elementor-top-column elementor-element elementor-element-48df6973\" data-id=\"48df6973\" data-element_type=\"column\" data-e-type=\"column\">\n\t\t\t<div class=\"elementor-widget-wrap elementor-element-populated\">\n\t\t\t\t\t\t<div class=\"elementor-element elementor-element-2e7ff578 elementor-widget-divider--view-line elementor-widget elementor-widget-divider\" data-id=\"2e7ff578\" data-element_type=\"widget\" data-e-type=\"widget\" data-widget_type=\"divider.default\">\n\t\t\t\t<div class=\"elementor-widget-container\">\n\t\t\t\t\t\t\t<div class=\"elementor-divider\">\n\t\t\t<span class=\"elementor-divider-separator\">\n\t\t\t\t\t\t<\/span>\n\t\t<\/div>\n\t\t\t\t\t\t<\/div>\n\t\t\t\t<\/div>\n\t\t\t\t\t<\/div>\n\t\t<\/div>\n\t\t\t\t\t<\/div>\n\t\t<\/section>\n\t\t\t\t<section class=\"elementor-section elementor-top-section elementor-element elementor-element-42e0fc9e elementor-section-stretched elementor-section-boxed elementor-section-height-default elementor-section-height-default\" data-id=\"42e0fc9e\" data-element_type=\"section\" data-e-type=\"section\" data-settings=\"{&quot;stretch_section&quot;:&quot;section-stretched&quot;}\">\n\t\t\t\t\t\t<div class=\"elementor-container elementor-column-gap-default\">\n\t\t\t\t\t<div class=\"elementor-column elementor-col-100 elementor-top-column elementor-element elementor-element-42602792\" data-id=\"42602792\" data-element_type=\"column\" data-e-type=\"column\">\n\t\t\t<div class=\"elementor-widget-wrap elementor-element-populated\">\n\t\t\t\t\t\t<div class=\"elementor-element elementor-element-6a03db5a elementor-widget elementor-widget-text-editor\" data-id=\"6a03db5a\" data-element_type=\"widget\" data-e-type=\"widget\" data-widget_type=\"text-editor.default\">\n\t\t\t\t<div class=\"elementor-widget-container\">\n\t\t\t\t\t\t\t\t\t<h3 data-fontsize=\"20\" data-lineheight=\"26\"><strong>I.<br \/>\n         <\/strong><strong>Die Website<br \/>\n        <\/strong><\/h3>\n<p>Diese Datenschutzerkl\u00e4rung betrifft die Website ekoprodur.com.\n        <\/p>\n<h3 data-fontsize=\"20\" data-lineheight=\"26\"><strong>II.<br \/>\n        <br \/>Datenverantwortlicher<br \/>\n        <br \/><\/strong><\/h3>\n<p>Der Datenverantwortliche der personenbezogenen Daten ist die PCC Prodex Sp.<br \/>\n        <br \/>z o.o. mit Sitz in der ul.<br \/>\n        <br \/>Sienkiewicza 4, 56-120 Brzeg Dolny, eingetragen im Unternehmerregister des Nationalen Gerichtsregisters, gef\u00fchrt vom Amtsgericht Wroc\u0142aw, 9. Handelskammer des Landesgerichtsregisters, unter der KRS-Nummer 0000024928, mit einem Stammkapital von 50.000 PLN, NIP [Steuer-IdNr.] 522-18-03-295, REGON [Firmen-IdNr.] 012290187.\n        <\/p>\n<p>F\u00fcr Informationen \u00fcber personenbezogene Daten k\u00f6nnen Sie uns per E-Mail kontaktieren: <a class=\"klasa-css\" href=\"mailto:odo.prodex@pcc.eu\">odo.prodex@pcc.eu<\/a><\/p>\n<p>Der Datenverantwortliche erkl\u00e4rt, dass er besondere Sorgfalt aufwendet, um die Interessen der betroffenen Personen zu sch\u00fctzen, und insbesondere daf\u00fcr sorgt, dass:\n        <\/p>\n<ol type=\"a\">\n<li>personenbezogene Daten auf rechtm\u00e4\u00dfige, faire und transparente Weise verarbeitet werden;\n        <\/li>\n<li>personenbezogene Daten f\u00fcr spezifische, eindeutige und rechtm\u00e4\u00dfige Zwecke erhoben werden und die Daten nicht in einer Weise weiterverarbeitet werden, die mit diesen Zwecken unvereinbar ist;\n        <\/li>\n<li>personenbezogene Daten angemessen, relevant und auf das beschr\u00e4nkt sind, was f\u00fcr die Zwecke, f\u00fcr die sie verarbeitet werden, erforderlich ist;\n        <\/li>\n<li>personenbezogene Daten korrekt sind und bei Bedarf aktualisiert werden;\n        <\/li>\n<li>personenbezogene Daten so gespeichert werden, dass die Identifizierung der betroffenen Person nur so lange m\u00f6glich ist, wie es f\u00fcr die Zwecke, f\u00fcr die die Daten verarbeitet werden, erforderlich ist;\n        <\/li>\n<li>personenbezogene Daten in einer Weise verarbeitet werden, die eine angemessene Sicherheit gew\u00e4hrleistet, einschlie\u00dflich des Schutzes vor unbefugter oder unrechtm\u00e4\u00dfiger Verarbeitung und vor unbeabsichtigtem Verlust, unbeabsichtigter Zerst\u00f6rung oder unbeabsichtigter Besch\u00e4digung, unter Einsatz geeigneter technischer oder organisatorischer Mittel\n        <\/li>\n<\/ol>\n<h3 data-fontsize=\"20\" data-lineheight=\"26\"><strong>III.<br \/>\n        <br \/>Zweck der Verarbeitung<br \/>\n        <br \/><\/strong><\/h3>\n<p>Personenbezogene Daten k\u00f6nnen vom Datenverantwortlichen unter anderem f\u00fcr folgende Zwecke verarbeitet werden:\n        <\/p>\n<ol type=\"a\">\n<li>Kommunikation und Beantwortung von Nachrichten.<br \/>\n        <br \/>Die Grundlage f\u00fcr die Verarbeitung personenbezogener Daten ist das berechtigte Interesse des Datenverantwortlichen oder eines Dritten, z.&nbsp;B. die Kontaktaufnahme mit Ihnen, unsere oder die Marketingzwecke unserer Partner, einschlie\u00dflich derer der <a href=\"https:\/\/www.pcc.eu\/en\/pcc-worldwide\/\">PCC-Gruppe<\/a>.\n        <\/li>\n<li>Abschluss und Erf\u00fcllung eines Dienstleistungs- oder Kaufvertrags &#8211; die Grundlage f\u00fcr die Verarbeitung ist die Notwendigkeit der Bereitstellung der Daten f\u00fcr den Abschluss eines Vertrags;\n        <\/li>\n<li>Direktmarketing f\u00fcr die Produkte und Dienstleistungen des Datenverantwortlichen und der Unternehmen der PCC-Gruppe &#8211; bis Sie der Verarbeitung von Daten zu diesem Zweck widersprechen oder Ihre Einwilligung widerrufen &#8211; die Grundlage f\u00fcr die Verarbeitung ist die Verfolgung der berechtigten Interessen des Datenverantwortlichen oder eines Dritten oder die Einwilligung;\n        <\/li>\n<li>Erf\u00fcllung der rechtlichen Verpflichtungen des f\u00fcr die Verarbeitung Verantwortlichen (z. B. steuerliche, buchhalterische Verpflichtungen, Verpflichtungen zur Bearbeitung von Beschwerden) &#8211; f\u00fcr die Dauer dieser Verpflichtungen oder f\u00fcr den Zeitraum, der erforderlich ist, um den Beh\u00f6rden mit diesbez\u00fcglichen Kontrollbefugnissen die Erf\u00fcllung dieser Verpflichtungen nachzuweisen &#8211; die Grundlage f\u00fcr die Verarbeitung ist die rechtliche Verpflichtung des f\u00fcr die Verarbeitung Verantwortlichen;\n        <\/li>\n<li>Feststellung, Abwehr und Verfolgung von Anspr\u00fcchen &#8211; f\u00fcr den Zeitraum, nach dem die Anspr\u00fcche (z. B. Anspr\u00fcche aus Vertr\u00e4gen) erl\u00f6schen, oder f\u00fcr die Dauer etwaiger Verfahren &#8211; die Grundlage f\u00fcr die Verarbeitung ist ein berechtigtes Interesse oder eine rechtliche Verpflichtung des f\u00fcr die Verarbeitung Verantwortlichen.\n        <\/li>\n<\/ol>\n<p>Die Angabe personenbezogener Daten ist freiwillig, kann aber z.&nbsp;B. f\u00fcr den Abschluss oder die Erf\u00fcllung eines Vertrages oder zur Beantwortung einer Anfrage oder f\u00fcr den Schriftverkehr erforderlich sein.\n        <\/p>\n<p>Beruht die Verarbeitung personenbezogener Daten auf einer Einwilligung, so haben Sie das Recht, diese jederzeit zu widerrufen, ohne dass die Rechtm\u00e4\u00dfigkeit der aufgrund der Einwilligung vor deren Widerruf erfolgten Verarbeitung ber\u00fchrt wird<strong>.<\/strong><\/p>\n<h3 data-fontsize=\"20\" data-lineheight=\"26\"><strong>IV.<br \/>\n        <br \/>Empf\u00e4nger von personenbezogenen Daten<br \/>\n        <br \/><\/strong><\/h3>\n<ol>\n<li>Personenbezogene Daten d\u00fcrfen nur in dem gesetzlich zul\u00e4ssigen Umfang an Dritte weitergegeben werden, und zwar zu dem Zweck und in dem Umfang, der u. a. f\u00fcr folgende Zwecke erforderlich ist<br \/>\n        <br \/>die ordnungsgem\u00e4\u00dfe Erf\u00fcllung eines Kaufvertrags oder eines Dienstleistungsvertrags.\n        <\/li>\n<li>Der Datenverantwortliche kann Dritte mit der Verarbeitung personenbezogener Daten zum Zwecke der Durchf\u00fchrung von T\u00e4tigkeiten im Zusammenhang mit der Gesch\u00e4ftst\u00e4tigkeit sowie zur Verfolgung von Anspr\u00fcchen oder zum Schutz vor Anspr\u00fcchen im Zusammenhang mit der Nutzung von Dienstleistungen oder Produkten beauftragen.<br \/>\n        <br \/>Diese Dritten k\u00f6nnen sein:\n        <\/li>\n<\/ol>\n<ol type=\"a\">\n<li>externe Beratungsunternehmen (einschlie\u00dflich Rechts-, Pr\u00fcfungs-, Steuer-, Marketing- und Buchhaltungsunternehmen);\n        <\/li>\n<li>externe IT-Spezialisten;\n        <\/li>\n<li>Einrichtungen, die den Datenverantwortlichen bei der Bearbeitung des Schriftverkehrs unterst\u00fctzen;\n        <\/li>\n<li>Kuriere &#8211; im Falle von Korrespondenz oder Kuriersendungen;\n        <\/li>\n<li>Internet-Zahlungsanbieter oder Banken &#8211; im Falle von Finanztransaktionen;\n        <\/li>\n<li>Unternehmen, die im Rahmen von Verkaufsdienstleistungen mit dem Datenverantwortlichen zusammenarbeiten;\n        <\/li>\n<li>und andere Unternehmen der PCC-Gruppe, die einige der oben genannten Dienstleistungen f\u00fcr den Datenverantwortlichen erbringen.\n        <\/li>\n<\/ol>\n<h3 data-fontsize=\"20\" data-lineheight=\"26\"><strong>V. Rechte der betroffenen Personen<br \/>\n        <br \/><\/strong><\/h3>\n<p>In jedem Fall hat die betroffene Person das Recht auf:\n        <\/p>\n<ol type=\"a\">\n<li>Zugriff auf die personenbezogene Daten (einschlie\u00dflich z. B. Erhalt von Informationen dar\u00fcber, welche personenbezogenen Daten verarbeitet werden),\n        <\/li>\n<li>die Berichtigung und Einschr\u00e4nkung der Verarbeitung personenbezogener Daten zu verlangen (z. B. wenn diese unrichtig sind);\n        <\/li>\n<li>die L\u00f6schung personenbezogener Daten (z. B. im Falle einer unrechtm\u00e4\u00dfigen Verarbeitung);\n        <\/li>\n<li>die \u00dcbertragung der dem Datenverantwortlichen zur Verf\u00fcgung gestellten personenbezogenen Daten, die auf automatisierte Weise verarbeitet werden und deren Verarbeitung auf einer Einwilligung oder einem Vertrag beruht, z. B. an einen anderen Datenverantwortlichen;\n        <\/li>\n<li>der Verarbeitung personenbezogener Daten zu widersprechen, die f\u00fcr Zwecke erforderlich ist, die sich aus den vom f\u00fcr die Verarbeitung Verantwortlichen oder von einem Dritten verfolgten berechtigten Interessen ergeben, insbesondere der Verarbeitung zu Marketingzwecken;\n        <\/li>\n<li>Einreichung einer Beschwerde bei der zust\u00e4ndigen Datenschutzbeh\u00f6rde.\n        <\/li>\n<\/ol>\n<h3 data-fontsize=\"20\" data-lineheight=\"26\"><strong>VI.<br \/>\n        <br \/>Cookies<br \/>\n        <br \/><\/strong><\/h3>\n<p>Der Datenverantwortliche verwendet Cookies (kleine Textdateien), die auf dem Endger\u00e4t der Nutzer gespeichert werden, um Daten dar\u00fcber zu erhalten, wie die Nutzer die Website verwenden.\n        <\/p>\n<p>Cookies aktivieren:\n        <\/p>\n<ol type=\"a\">\n<li>Die Sitzungen der Nutzer werden nach dem Anmelden beibehalten, so dass sich der Nutzer nicht auf jeder Unterseite der Website erneut anmelden muss;\n        <\/li>\n<li>Anpassung des Inhalts der Website an die Bed\u00fcrfnisse und Interessen der Nutzer;\n        <\/li>\n<li>Erstellung von Statistiken \u00fcber den Website-Verkehr;\n        <\/li>\n<li>Erstellung von Online-Umfragen und deren Absicherung gegen Mehrfachabstimmungen durch dieselbe Person.\n        <\/li>\n<\/ol>\n<p>Die durch Cookies erhaltenen Informationen umfassen<br \/>\n        <br \/>den Namen des Internetdienstanbieters, die IP-Adressen der Nutzer, das Herkunftsland, aus dem die Nutzer auf die Website zugreifen.\n        <\/p>\n<p>Die Website verwendet zwei Haupttypen von Cookies: Session-Cookies und permanente Cookies.<br \/>\n        <br \/>Session-Cookies sind tempor\u00e4re Dateien, die auf dem Endger\u00e4t des Nutzers gespeichert werden, bis er sich abmeldet, die Website verl\u00e4sst oder die Software (den Webbrowser) ausschaltet.<br \/>\n        <br \/>Permanente Cookies werden auf dem Endger\u00e4t des Nutzers f\u00fcr die in den Cookie-Parametern angegebene Zeit oder bis zu ihrer L\u00f6schung durch den Nutzer gespeichert.\n        <\/p>\n<p>In vielen F\u00e4llen erlaubt die zum Surfen im Internet verwendete Software (der Webbrowser) standardm\u00e4\u00dfig die Speicherung von Cookies auf dem Endger\u00e4t des Nutzers.<br \/>\n        <br \/>Der Nutzer kann die auf seinem Endger\u00e4t gespeicherten Cookies jederzeit l\u00f6schen oder in den Einstellungen seines Browsers (auch auf seinem Mobiltelefon oder einem anderen Ger\u00e4t, das Zugang zum Internet bietet) sperren.<br \/>\n        <br \/>Weitere Informationen zu Cookies finden Sie unter &#8222;Hilfe&#8220; im Browser-Men\u00fc.\n        <\/p>\n<p>Der Datenverantwortliche weist darauf hin, dass Einschr\u00e4nkungen bei der Verwendung von Cookies einige der auf der Website verf\u00fcgbaren Funktionen beeintr\u00e4chtigen k\u00f6nnen.\n        <\/p>\n<p>Der Datenverantwortliche nutzt die folgenden Google-Dienste auf seiner Website:\n        <\/p>\n<p>1. Google Analytics &#8211; ein Dienst, der die Datenerfassung zum Zweck der Analyse von Website-Verkehrsstatistiken erm\u00f6glicht.<br \/>\n        <br \/>Ausf\u00fchrliche Informationen zur Datenverarbeitung durch Google Analytics finden Sie unter: <a href=\"https:\/\/support.google.com\/analytics\/answer\/6004245?hl=pl\">https:\/\/support.google.com\/analytics\/answer\/6004245?hl=pl.<\/a><br \/>Der Nutzer kann die Erfassung seiner Daten verhindern, indem er ein Browser-Add-on installiert, das die \u00dcbertragung der Daten an Google Analytics blockiert: <a href=\"https:\/\/tools.google.com\/dlpage\/gaoptout?hl=pl\">https:\/\/tools.google.com\/dlpage\/gaoptout?hl=pl.<\/a><\/p>\n<p>2. Google reCAPTCHA &#8211; ein Dienst, der anhand des Nutzerverhaltens pr\u00fcft, ob die auf der Website (z.&nbsp;B. in einem Formular) eingegebenen Daten von einem Menschen oder einer Maschine eingegeben wurden.<br \/>\n        <br \/>Die Analyse l\u00e4uft automatisch im Hintergrund, wenn der Nutzer die Website \u00f6ffnet, ohne dass er dar\u00fcber informiert wird.<br \/>\n        <br \/>Bei der Analyse ber\u00fccksichtigt der Mechanismus verschiedene Arten von Informationen (z. B. IP-Adresse, Mausbewegung, Verweildauer auf der Website), und die gesammelten Daten werden an Google gesendet.<br \/>\n        <br \/>Weitere Informationen \u00fcber Google reCAPTCHA finden Sie unter: <a href=\"https:\/\/www.google.com\/recaptcha\/intro\/v3.html\">https:\/\/www.google.com\/recaptcha\/intro\/v3.html.<\/a><\/p>\n<p>Weitere Informationen \u00fcber den Datenschutz und die Datenerfassung bei Google finden Sie unter: <a href=\"https:\/\/policies.google.com\/privacy?hl=pl\">https:\/\/policies.google.com\/privacy?hl=pl.<\/a><\/p>\n<h3 data-fontsize=\"20\" data-lineheight=\"26\"><strong>VII.<br \/>\n        <br \/>\u00c4nderungen der Datenschutzerkl\u00e4rung<br \/>\n        <br \/><\/strong><\/h3>\n<p>Der Datenverantwortliche kann diese Datenschutzerkl\u00e4rung durch Ver\u00f6ffentlichung einer neuen Version auf der Website \u00e4ndern.\n        <\/p>\n<p>Diese Version der Datenschutzerkl\u00e4rung gilt ab dem 25.02.2022.\n        <\/p>\n\t\t\t\t\t\t\t\t<\/div>\n\t\t\t\t<\/div>\n\t\t\t\t\t<\/div>\n\t\t<\/div>\n\t\t\t\t\t<\/div>\n\t\t<\/section>\n\t\t\t\t<\/div>\n\t\t","protected":false},"excerpt":{"rendered":"<p>Datenschutzbestimmungen Treten Sie den Besten bei! I. Die Website Diese Datenschutzerkl\u00e4rung betrifft die Website ekoprodur.com. II. Datenverantwortlicher Der Datenverantwortliche der personenbezogenen Daten ist die PCC Prodex Sp. z o.o. mit Sitz in der ul. Sienkiewicza 4, 56-120 Brzeg Dolny, eingetragen im Unternehmerregister des Nationalen Gerichtsregisters, gef\u00fchrt vom Amtsgericht Wroc\u0142aw, 9. Handelskammer des Landesgerichtsregisters, unter der [&hellip;]<\/p>\n","protected":false},"author":1,"featured_media":0,"parent":0,"menu_order":0,"comment_status":"closed","ping_status":"closed","template":"","meta":{"_acf_changed":false,"footnotes":""},"class_list":["post-1674","page","type-page","status-publish","hentry"],"acf":[],"yoast_head":"<!-- This site is optimized with the Yoast SEO plugin v27.3 - https:\/\/yoast.com\/product\/yoast-seo-wordpress\/ -->\n<title>Datenschutzerkl\u00e4rung - www.ekoprodur.com<\/title>\n<meta name=\"robots\" content=\"index, follow, max-snippet:-1, max-image-preview:large, max-video-preview:-1\" \/>\n<link rel=\"canonical\" href=\"https:\/\/www.ekoprodur.com\/de\/datenschutzerklaerung\/\" \/>\n<meta property=\"og:locale\" content=\"de_DE\" \/>\n<meta property=\"og:type\" content=\"article\" \/>\n<meta property=\"og:title\" content=\"Datenschutzerkl\u00e4rung - www.ekoprodur.com\" \/>\n<meta property=\"og:description\" content=\"Datenschutzbestimmungen Treten Sie den Besten bei! I. Die Website Diese Datenschutzerkl\u00e4rung betrifft die Website ekoprodur.com. II. Datenverantwortlicher Der Datenverantwortliche der personenbezogenen Daten ist die PCC Prodex Sp. z o.o. mit Sitz in der ul. Sienkiewicza 4, 56-120 Brzeg Dolny, eingetragen im Unternehmerregister des Nationalen Gerichtsregisters, gef\u00fchrt vom Amtsgericht Wroc\u0142aw, 9. Handelskammer des Landesgerichtsregisters, unter der [&hellip;]\" \/>\n<meta property=\"og:url\" content=\"https:\/\/www.ekoprodur.com\/de\/datenschutzerklaerung\/\" \/>\n<meta property=\"og:site_name\" content=\"www.ekoprodur.com\" \/>\n<meta property=\"article:modified_time\" content=\"2024-08-29T11:27:59+00:00\" \/>\n<meta name=\"twitter:card\" content=\"summary_large_image\" \/>\n<meta name=\"twitter:label1\" content=\"Gesch\u00e4tzte Lesezeit\" \/>\n\t<meta name=\"twitter:data1\" content=\"7\u00a0Minuten\" \/>\n<script type=\"application\/ld+json\" class=\"yoast-schema-graph\">{\"@context\":\"https:\\\/\\\/schema.org\",\"@graph\":[{\"@type\":\"WebPage\",\"@id\":\"https:\\\/\\\/www.ekoprodur.com\\\/de\\\/datenschutzerklaerung\\\/\",\"url\":\"https:\\\/\\\/www.ekoprodur.com\\\/de\\\/datenschutzerklaerung\\\/\",\"name\":\"Datenschutzerkl\u00e4rung - www.ekoprodur.com\",\"isPartOf\":{\"@id\":\"https:\\\/\\\/www.ekoprodur.com\\\/de\\\/#website\"},\"datePublished\":\"2021-11-30T15:41:18+00:00\",\"dateModified\":\"2024-08-29T11:27:59+00:00\",\"breadcrumb\":{\"@id\":\"https:\\\/\\\/www.ekoprodur.com\\\/de\\\/datenschutzerklaerung\\\/#breadcrumb\"},\"inLanguage\":\"de\",\"potentialAction\":[{\"@type\":\"ReadAction\",\"target\":[\"https:\\\/\\\/www.ekoprodur.com\\\/de\\\/datenschutzerklaerung\\\/\"]}]},{\"@type\":\"BreadcrumbList\",\"@id\":\"https:\\\/\\\/www.ekoprodur.com\\\/de\\\/datenschutzerklaerung\\\/#breadcrumb\",\"itemListElement\":[{\"@type\":\"ListItem\",\"position\":1,\"name\":\"Strona g\u0142\u00f3wna\",\"item\":\"https:\\\/\\\/www.ekoprodur.com\\\/de\\\/\"},{\"@type\":\"ListItem\",\"position\":2,\"name\":\"Datenschutzerkl\u00e4rung\"}]},{\"@type\":\"WebSite\",\"@id\":\"https:\\\/\\\/www.ekoprodur.com\\\/de\\\/#website\",\"url\":\"https:\\\/\\\/www.ekoprodur.com\\\/de\\\/\",\"name\":\"www.ekoprodur.com\",\"description\":\"Spray foam insulation The most effective insulation for your home!\",\"publisher\":{\"@id\":\"https:\\\/\\\/www.ekoprodur.com\\\/de\\\/#organization\"},\"potentialAction\":[{\"@type\":\"SearchAction\",\"target\":{\"@type\":\"EntryPoint\",\"urlTemplate\":\"https:\\\/\\\/www.ekoprodur.com\\\/de\\\/?s={search_term_string}\"},\"query-input\":{\"@type\":\"PropertyValueSpecification\",\"valueRequired\":true,\"valueName\":\"search_term_string\"}}],\"inLanguage\":\"de\"},{\"@type\":\"Organization\",\"@id\":\"https:\\\/\\\/www.ekoprodur.com\\\/de\\\/#organization\",\"name\":\"www.ekoprodur.com\",\"url\":\"https:\\\/\\\/www.ekoprodur.com\\\/de\\\/\",\"logo\":{\"@type\":\"ImageObject\",\"inLanguage\":\"de\",\"@id\":\"https:\\\/\\\/www.ekoprodur.com\\\/de\\\/#\\\/schema\\\/logo\\\/image\\\/\",\"url\":\"https:\\\/\\\/www.ekoprodur.com\\\/wp-content\\\/uploads\\\/2021\\\/12\\\/Logotype.png\",\"contentUrl\":\"https:\\\/\\\/www.ekoprodur.com\\\/wp-content\\\/uploads\\\/2021\\\/12\\\/Logotype.png\",\"width\":337,\"height\":120,\"caption\":\"www.ekoprodur.com\"},\"image\":{\"@id\":\"https:\\\/\\\/www.ekoprodur.com\\\/de\\\/#\\\/schema\\\/logo\\\/image\\\/\"}}]}<\/script>\n<!-- \/ Yoast SEO plugin. -->","yoast_head_json":{"title":"Datenschutzerkl\u00e4rung - www.ekoprodur.com","robots":{"index":"index","follow":"follow","max-snippet":"max-snippet:-1","max-image-preview":"max-image-preview:large","max-video-preview":"max-video-preview:-1"},"canonical":"https:\/\/www.ekoprodur.com\/de\/datenschutzerklaerung\/","og_locale":"de_DE","og_type":"article","og_title":"Datenschutzerkl\u00e4rung - www.ekoprodur.com","og_description":"Datenschutzbestimmungen Treten Sie den Besten bei! I. Die Website Diese Datenschutzerkl\u00e4rung betrifft die Website ekoprodur.com. II. Datenverantwortlicher Der Datenverantwortliche der personenbezogenen Daten ist die PCC Prodex Sp. z o.o. mit Sitz in der ul. Sienkiewicza 4, 56-120 Brzeg Dolny, eingetragen im Unternehmerregister des Nationalen Gerichtsregisters, gef\u00fchrt vom Amtsgericht Wroc\u0142aw, 9. Handelskammer des Landesgerichtsregisters, unter der [&hellip;]","og_url":"https:\/\/www.ekoprodur.com\/de\/datenschutzerklaerung\/","og_site_name":"www.ekoprodur.com","article_modified_time":"2024-08-29T11:27:59+00:00","twitter_card":"summary_large_image","twitter_misc":{"Gesch\u00e4tzte Lesezeit":"7\u00a0Minuten"},"schema":{"@context":"https:\/\/schema.org","@graph":[{"@type":"WebPage","@id":"https:\/\/www.ekoprodur.com\/de\/datenschutzerklaerung\/","url":"https:\/\/www.ekoprodur.com\/de\/datenschutzerklaerung\/","name":"Datenschutzerkl\u00e4rung - www.ekoprodur.com","isPartOf":{"@id":"https:\/\/www.ekoprodur.com\/de\/#website"},"datePublished":"2021-11-30T15:41:18+00:00","dateModified":"2024-08-29T11:27:59+00:00","breadcrumb":{"@id":"https:\/\/www.ekoprodur.com\/de\/datenschutzerklaerung\/#breadcrumb"},"inLanguage":"de","potentialAction":[{"@type":"ReadAction","target":["https:\/\/www.ekoprodur.com\/de\/datenschutzerklaerung\/"]}]},{"@type":"BreadcrumbList","@id":"https:\/\/www.ekoprodur.com\/de\/datenschutzerklaerung\/#breadcrumb","itemListElement":[{"@type":"ListItem","position":1,"name":"Strona g\u0142\u00f3wna","item":"https:\/\/www.ekoprodur.com\/de\/"},{"@type":"ListItem","position":2,"name":"Datenschutzerkl\u00e4rung"}]},{"@type":"WebSite","@id":"https:\/\/www.ekoprodur.com\/de\/#website","url":"https:\/\/www.ekoprodur.com\/de\/","name":"www.ekoprodur.com","description":"Spray foam insulation The most effective insulation for your home!","publisher":{"@id":"https:\/\/www.ekoprodur.com\/de\/#organization"},"potentialAction":[{"@type":"SearchAction","target":{"@type":"EntryPoint","urlTemplate":"https:\/\/www.ekoprodur.com\/de\/?s={search_term_string}"},"query-input":{"@type":"PropertyValueSpecification","valueRequired":true,"valueName":"search_term_string"}}],"inLanguage":"de"},{"@type":"Organization","@id":"https:\/\/www.ekoprodur.com\/de\/#organization","name":"www.ekoprodur.com","url":"https:\/\/www.ekoprodur.com\/de\/","logo":{"@type":"ImageObject","inLanguage":"de","@id":"https:\/\/www.ekoprodur.com\/de\/#\/schema\/logo\/image\/","url":"https:\/\/www.ekoprodur.com\/wp-content\/uploads\/2021\/12\/Logotype.png","contentUrl":"https:\/\/www.ekoprodur.com\/wp-content\/uploads\/2021\/12\/Logotype.png","width":337,"height":120,"caption":"www.ekoprodur.com"},"image":{"@id":"https:\/\/www.ekoprodur.com\/de\/#\/schema\/logo\/image\/"}}]}},"_links":{"self":[{"href":"https:\/\/www.ekoprodur.com\/de\/wp-json\/wp\/v2\/pages\/1674","targetHints":{"allow":["GET"]}}],"collection":[{"href":"https:\/\/www.ekoprodur.com\/de\/wp-json\/wp\/v2\/pages"}],"about":[{"href":"https:\/\/www.ekoprodur.com\/de\/wp-json\/wp\/v2\/types\/page"}],"author":[{"embeddable":true,"href":"https:\/\/www.ekoprodur.com\/de\/wp-json\/wp\/v2\/users\/1"}],"replies":[{"embeddable":true,"href":"https:\/\/www.ekoprodur.com\/de\/wp-json\/wp\/v2\/comments?post=1674"}],"version-history":[{"count":3,"href":"https:\/\/www.ekoprodur.com\/de\/wp-json\/wp\/v2\/pages\/1674\/revisions"}],"predecessor-version":[{"id":4883,"href":"https:\/\/www.ekoprodur.com\/de\/wp-json\/wp\/v2\/pages\/1674\/revisions\/4883"}],"wp:attachment":[{"href":"https:\/\/www.ekoprodur.com\/de\/wp-json\/wp\/v2\/media?parent=1674"}],"curies":[{"name":"wp","href":"https:\/\/api.w.org\/{rel}","templated":true}]}}